{"id":3931,"date":"2017-03-30T07:47:52","date_gmt":"2017-04-27T10:13:59","guid":{"rendered":"https:\/\/lucirmas.com\/?post_type=product&#038;p=3931\/"},"modified":"2025-04-08T13:50:58","modified_gmt":"2025-04-08T13:50:58","slug":"musk6-glasses-set","status":"publish","type":"product","link":"https:\/\/lucirmas.com\/en\/product\/musk6-glasses-set\/","title":{"rendered":"MUSK<br><p><font color=\"#939393\">6 glasses set<\/font color><\/p>"},"content":{"rendered":"<p>Musk glasses are conceived to strength our bond with nature and to give our home a touch of peace and harmony. These glasses, whose main characteristic is the wide range of green tones, are handmade sandblasted and will add a design experience to your meals the next years.<\/p>\n<p>Longlasting and with an authentic and timeless design, Musk glasses will become a part of your daily life store.<\/p>\n<p>Every set is a unique reproduction.<\/p>\n<h2>Technical data sheet<\/h2>\n<p><span style=\"color: #c7c7c7;\">Designer:\u00a0<\/span>Lucia Bruni<span style=\"color: #c7c7c7;\"><br \/>\nMaterial:\u00a0<\/span>Recicled glass<span style=\"color: #c7c7c7;\"><br \/>\nMeasurements:<\/span> 7,5 x 7,5 x 9 cm<br \/>\n<span style=\"color: #c7c7c7;\">Weight:<\/span>\u00a0150g each glass<br \/>\n<span style=\"color: #c7c7c7;\">Cleaning::<\/span>\u00a0dishwasher safe<\/p>\n<p><span style=\"color: #c7c7c7;\"><em>Technical: <\/em><\/span>cut, polish, heat polishing<br \/>\n<img loading=\"lazy\" decoding=\"async\" class=\"alignnone size-full wp-image-1186\" src=\"https:\/\/lucirmas.com\/wp-content\/uploads\/2015\/03\/tecnicas-shot-glass1.jpg\" alt=\"T\u00e9cnicas\" width=\"200\" height=\"50\" \/><\/p>\n","protected":false},"excerpt":{"rendered":"<p>Recycled glass set in different green tones, 100% handmade, Give your dinnerset a fresh air touch in harmony with nature!<\/p>\n<p><em><strong><span style=\"color: #c7c7c7;\"><span style=\"color: #000000;\">Measurements: <\/span><\/span><\/strong>H: 9 cm \u00d8 7,5 cm<\/em><em><span style=\"color: #96a7b8;\"><br \/>\n<\/span><\/em><em><a title=\"safe packaging sustainable\" href=\"https:\/\/lucirmas.com\/en\/the-importance-of-a-safe-packaging-to-protect-glass-objects\/\" target=\"_blank\" rel=\"noopener noreferrer\">Care and packaging<\/a> \/ <a title=\"shipping terms and conditions\" href=\"https:\/\/lucirmas.com\/en\/terms-and-conditions\/\" target=\"_blank\" rel=\"noopener noreferrer\">Shipping, terms and conditions<\/a><\/em><\/p>\n","protected":false},"featured_media":3771,"comment_status":"open","ping_status":"closed","template":"","meta":{"_et_pb_use_builder":"","_et_pb_old_content":"","_et_gb_content_width":""},"product_brand":[],"product_cat":[378,167],"product_tag":[420,421],"class_list":{"0":"post-3931","1":"product","2":"type-product","3":"status-publish","4":"has-post-thumbnail","6":"product_cat-glasses","7":"product_cat-tableware","8":"product_tag-musk","9":"product_tag-six-glasses-set","10":"product_shipping_class-grupo-a-en","12":"first","13":"instock","14":"shipping-taxable","15":"purchasable","16":"product-type-simple"},"yoast_head":"<!-- This site is optimized with the Yoast SEO plugin v26.3 - https:\/\/yoast.com\/wordpress\/plugins\/seo\/ -->\n<title>MUSK6 glasses set - Lucirmas - Upcycling Vidrio reciclado<\/title>\n<meta name=\"robots\" content=\"index, follow, max-snippet:-1, max-image-preview:large, max-video-preview:-1\" \/>\n<link rel=\"canonical\" href=\"https:\/\/lucirmas.com\/en\/product\/musk6-glasses-set\/\" \/>\n<meta property=\"og:locale\" content=\"en_US\" \/>\n<meta property=\"og:type\" content=\"article\" \/>\n<meta property=\"og:title\" content=\"MUSK6 glasses set - Lucirmas - Upcycling Vidrio reciclado\" \/>\n<meta property=\"og:description\" content=\"Recycled glass set in different green tones, 100% handmade, Give your dinnerset a fresh air touch in harmony with nature!  Measurements: H: 9 cm \u00d8 7,5 cm Care and packaging \/ Shipping, terms and conditions\" \/>\n<meta property=\"og:url\" content=\"https:\/\/lucirmas.com\/en\/product\/musk6-glasses-set\/\" \/>\n<meta property=\"og:site_name\" content=\"Lucirmas - Upcycling Vidrio reciclado\" \/>\n<meta property=\"article:modified_time\" content=\"2025-04-08T13:50:58+00:00\" \/>\n<meta property=\"og:image\" content=\"https:\/\/lucirmas.com\/wp-content\/uploads\/2017\/03\/T\u00e9cnicas_Lucirm\u00e1s-2-XL.jpg\" \/>\n\t<meta property=\"og:image:width\" content=\"768\" \/>\n\t<meta property=\"og:image:height\" content=\"768\" \/>\n\t<meta property=\"og:image:type\" content=\"image\/jpeg\" \/>\n<script type=\"application\/ld+json\" class=\"yoast-schema-graph\">{\"@context\":\"https:\/\/schema.org\",\"@graph\":[{\"@type\":\"WebPage\",\"@id\":\"https:\/\/lucirmas.com\/en\/product\/musk6-glasses-set\/\",\"url\":\"https:\/\/lucirmas.com\/en\/product\/musk6-glasses-set\/\",\"name\":\"MUSK 6 glasses set - Lucirmas - Upcycling Vidrio reciclado\",\"isPartOf\":{\"@id\":\"https:\/\/lucirmas.com\/#website\"},\"primaryImageOfPage\":{\"@id\":\"https:\/\/lucirmas.com\/en\/product\/musk6-glasses-set\/#primaryimage\"},\"image\":{\"@id\":\"https:\/\/lucirmas.com\/en\/product\/musk6-glasses-set\/#primaryimage\"},\"thumbnailUrl\":\"https:\/\/lucirmas.com\/wp-content\/uploads\/2017\/03\/T\u00e9cnicas_Lucirm\u00e1s-2-XL.jpg\",\"datePublished\":\"2017-04-27T10:13:59+00:00\",\"dateModified\":\"2025-04-08T13:50:58+00:00\",\"breadcrumb\":{\"@id\":\"https:\/\/lucirmas.com\/en\/product\/musk6-glasses-set\/#breadcrumb\"},\"inLanguage\":\"en-US\",\"potentialAction\":[{\"@type\":\"ReadAction\",\"target\":[\"https:\/\/lucirmas.com\/en\/product\/musk6-glasses-set\/\"]}]},{\"@type\":\"ImageObject\",\"inLanguage\":\"en-US\",\"@id\":\"https:\/\/lucirmas.com\/en\/product\/musk6-glasses-set\/#primaryimage\",\"url\":\"https:\/\/lucirmas.com\/wp-content\/uploads\/2017\/03\/T\u00e9cnicas_Lucirm\u00e1s-2-XL.jpg\",\"contentUrl\":\"https:\/\/lucirmas.com\/wp-content\/uploads\/2017\/03\/T\u00e9cnicas_Lucirm\u00e1s-2-XL.jpg\",\"width\":768,\"height\":768,\"caption\":\"MUSK lucirm\u00e1s set de 6 vasos\"},{\"@type\":\"BreadcrumbList\",\"@id\":\"https:\/\/lucirmas.com\/en\/product\/musk6-glasses-set\/#breadcrumb\",\"itemListElement\":[{\"@type\":\"ListItem\",\"position\":1,\"name\":\"Portada\",\"item\":\"https:\/\/lucirmas.com\/en\/\"},{\"@type\":\"ListItem\",\"position\":2,\"name\":\"Tienda\",\"item\":\"https:\/\/lucirmas.com\/tienda\/\"},{\"@type\":\"ListItem\",\"position\":3,\"name\":\"MUSK6 glasses set\"}]},{\"@type\":\"WebSite\",\"@id\":\"https:\/\/lucirmas.com\/#website\",\"url\":\"https:\/\/lucirmas.com\/\",\"name\":\"Lucirmas - Upcycling Vidrio reciclado\",\"description\":\"Artesan\u00eda con botellas de vidrio en Barcelona\",\"potentialAction\":[{\"@type\":\"SearchAction\",\"target\":{\"@type\":\"EntryPoint\",\"urlTemplate\":\"https:\/\/lucirmas.com\/?s={search_term_string}\"},\"query-input\":{\"@type\":\"PropertyValueSpecification\",\"valueRequired\":true,\"valueName\":\"search_term_string\"}}],\"inLanguage\":\"en-US\"}]}<\/script>\n<!-- \/ Yoast SEO plugin. -->","yoast_head_json":{"title":"MUSK6 glasses set - Lucirmas - Upcycling Vidrio reciclado","robots":{"index":"index","follow":"follow","max-snippet":"max-snippet:-1","max-image-preview":"max-image-preview:large","max-video-preview":"max-video-preview:-1"},"canonical":"https:\/\/lucirmas.com\/en\/product\/musk6-glasses-set\/","og_locale":"en_US","og_type":"article","og_title":"MUSK6 glasses set - Lucirmas - Upcycling Vidrio reciclado","og_description":"Recycled glass set in different green tones, 100% handmade, Give your dinnerset a fresh air touch in harmony with nature!  Measurements: H: 9 cm \u00d8 7,5 cm Care and packaging \/ Shipping, terms and conditions","og_url":"https:\/\/lucirmas.com\/en\/product\/musk6-glasses-set\/","og_site_name":"Lucirmas - Upcycling Vidrio reciclado","article_modified_time":"2025-04-08T13:50:58+00:00","og_image":[{"width":768,"height":768,"url":"https:\/\/lucirmas.com\/wp-content\/uploads\/2017\/03\/T\u00e9cnicas_Lucirm\u00e1s-2-XL.jpg","type":"image\/jpeg"}],"schema":{"@context":"https:\/\/schema.org","@graph":[{"@type":"WebPage","@id":"https:\/\/lucirmas.com\/en\/product\/musk6-glasses-set\/","url":"https:\/\/lucirmas.com\/en\/product\/musk6-glasses-set\/","name":"MUSK 6 glasses set - Lucirmas - Upcycling Vidrio reciclado","isPartOf":{"@id":"https:\/\/lucirmas.com\/#website"},"primaryImageOfPage":{"@id":"https:\/\/lucirmas.com\/en\/product\/musk6-glasses-set\/#primaryimage"},"image":{"@id":"https:\/\/lucirmas.com\/en\/product\/musk6-glasses-set\/#primaryimage"},"thumbnailUrl":"https:\/\/lucirmas.com\/wp-content\/uploads\/2017\/03\/T\u00e9cnicas_Lucirm\u00e1s-2-XL.jpg","datePublished":"2017-04-27T10:13:59+00:00","dateModified":"2025-04-08T13:50:58+00:00","breadcrumb":{"@id":"https:\/\/lucirmas.com\/en\/product\/musk6-glasses-set\/#breadcrumb"},"inLanguage":"en-US","potentialAction":[{"@type":"ReadAction","target":["https:\/\/lucirmas.com\/en\/product\/musk6-glasses-set\/"]}]},{"@type":"ImageObject","inLanguage":"en-US","@id":"https:\/\/lucirmas.com\/en\/product\/musk6-glasses-set\/#primaryimage","url":"https:\/\/lucirmas.com\/wp-content\/uploads\/2017\/03\/T\u00e9cnicas_Lucirm\u00e1s-2-XL.jpg","contentUrl":"https:\/\/lucirmas.com\/wp-content\/uploads\/2017\/03\/T\u00e9cnicas_Lucirm\u00e1s-2-XL.jpg","width":768,"height":768,"caption":"MUSK lucirm\u00e1s set de 6 vasos"},{"@type":"BreadcrumbList","@id":"https:\/\/lucirmas.com\/en\/product\/musk6-glasses-set\/#breadcrumb","itemListElement":[{"@type":"ListItem","position":1,"name":"Portada","item":"https:\/\/lucirmas.com\/en\/"},{"@type":"ListItem","position":2,"name":"Tienda","item":"https:\/\/lucirmas.com\/tienda\/"},{"@type":"ListItem","position":3,"name":"MUSK6 glasses set"}]},{"@type":"WebSite","@id":"https:\/\/lucirmas.com\/#website","url":"https:\/\/lucirmas.com\/","name":"Lucirmas - Upcycling Vidrio reciclado","description":"Artesan\u00eda con botellas de vidrio en Barcelona","potentialAction":[{"@type":"SearchAction","target":{"@type":"EntryPoint","urlTemplate":"https:\/\/lucirmas.com\/?s={search_term_string}"},"query-input":{"@type":"PropertyValueSpecification","valueRequired":true,"valueName":"search_term_string"}}],"inLanguage":"en-US"}]}},"_links":{"self":[{"href":"https:\/\/lucirmas.com\/en\/wp-json\/wp\/v2\/product\/3931","targetHints":{"allow":["GET"]}}],"collection":[{"href":"https:\/\/lucirmas.com\/en\/wp-json\/wp\/v2\/product"}],"about":[{"href":"https:\/\/lucirmas.com\/en\/wp-json\/wp\/v2\/types\/product"}],"replies":[{"embeddable":true,"href":"https:\/\/lucirmas.com\/en\/wp-json\/wp\/v2\/comments?post=3931"}],"wp:featuredmedia":[{"embeddable":true,"href":"https:\/\/lucirmas.com\/en\/wp-json\/wp\/v2\/media\/3771"}],"wp:attachment":[{"href":"https:\/\/lucirmas.com\/en\/wp-json\/wp\/v2\/media?parent=3931"}],"wp:term":[{"taxonomy":"product_brand","embeddable":true,"href":"https:\/\/lucirmas.com\/en\/wp-json\/wp\/v2\/product_brand?post=3931"},{"taxonomy":"product_cat","embeddable":true,"href":"https:\/\/lucirmas.com\/en\/wp-json\/wp\/v2\/product_cat?post=3931"},{"taxonomy":"product_tag","embeddable":true,"href":"https:\/\/lucirmas.com\/en\/wp-json\/wp\/v2\/product_tag?post=3931"}],"curies":[{"name":"wp","href":"https:\/\/api.w.org\/{rel}","templated":true}]}}