{"id":1159,"date":"2015-03-04T12:43:32","date_gmt":"2015-03-10T12:43:32","guid":{"rendered":"https:\/\/lucirmas.com\/product\/hanging-2\/"},"modified":"2025-04-08T13:51:09","modified_gmt":"2025-04-08T13:51:09","slug":"hanging","status":"publish","type":"product","link":"https:\/\/lucirmas.com\/en\/product\/hanging\/","title":{"rendered":"HANGING<br><p><font color=\"#939393\">Coat stand<\/font color><\/p>"},"content":{"rendered":"<p>Hanging is a designed and handcrafted coat stand from a selection of beautiful glass bottles, these coat hangers are perfect for the entrance of your home or will spice up the walls of caf\u00e9s and restaurants. Available in two different sizes and colours, they will be the topic of conversation and unlike small metal hooks, they will treat your clothes with care and respect. Produced in collaboration with <a title=\"Taller Aleph\" href=\"http:\/\/www.talleraleph.es\/\" target=\"_blank\">Taller Aleph<\/a>\u00a0Barcelona.<\/p>\n<h2>Technical data sheet<\/h2>\n<p><span style=\"color: #c7c7c7;\">Designer:\u00a0<\/span>Lucia Bruni<span style=\"color: #c7c7c7;\"><br \/>\nMaterial:\u00a0<\/span>Recycled Glass<br \/>\n<span style=\"color: #c7c7c7;\">Color:\u00a0<\/span>Green \/ Transparent \/ Brown<br \/>\n<span style=\"color: #c7c7c7;\">Measurements:<\/span>\u00a03 hangers: H 12 x 42 x 18 cm 4 hangers: H 12 x 56 x 18 cm<br \/>\n<span style=\"color: #c7c7c7;\">Weight:<\/span>\u00a0 1.4kg \/ 1.8kg<br \/>\n<span style=\"color: #c7c7c7;\">Cleaning:<\/span>\u00a0Use a damp cloth for cleaning<\/p>\n<p><span style=\"color: #c7c7c7;\"><em>Technical:\u00a0<\/em><\/span>Cut, Polish<br \/>\n<img loading=\"lazy\" decoding=\"async\" class=\"alignnone size-full wp-image-1164\" src=\"https:\/\/lucirmas.com\/wp-content\/uploads\/2015\/03\/tecnicas-8.jpg\" alt=\"tecnicas\" width=\"200\" height=\"50\" \/><\/p>\n","protected":false},"excerpt":{"rendered":"<p>Coat stand made from recycled wine bottles, 100% handemade.\u00a0Ideal for the house entrance or bars and restaurants. It does not harm the clothes.<\/p>\n<p><em><strong><span style=\"color: #000000;\">Measurements:\u00a0<\/span>3 hangers: H 12 x 42 x 18 cm \u00a0 \u00a0 \u00a0 4 hangers: H 12 x 56 x 18 cm<br \/>\n<\/strong><a title=\"safe packaging sustainable\" href=\"https:\/\/lucirmas.com\/en\/the-importance-of-a-safe-packaging-to-protect-glass-objects\/\" target=\"_blank\">Care and packaging<\/a> \/ <a title=\"shipping terms and conditions\" href=\"https:\/\/lucirmas.com\/en\/terms-and-conditions\/\" target=\"_blank\">Shipping, terms and conditions<\/a><\/em><\/p>\n","protected":false},"featured_media":3798,"comment_status":"open","ping_status":"closed","template":"","meta":{"_et_pb_use_builder":"","_et_pb_old_content":"","_et_gb_content_width":""},"product_brand":[],"product_cat":[164],"product_tag":[],"class_list":{"0":"post-1159","1":"product","2":"type-product","3":"status-publish","4":"has-post-thumbnail","6":"product_cat-exterior-en","7":"product_shipping_class-grupo-b-en","8":"pa_colores-brown","10":"first","11":"instock","12":"sale","13":"shipping-taxable","14":"purchasable","15":"product-type-variable","16":"has-default-attributes"},"yoast_head":"<!-- This site is optimized with the Yoast SEO plugin v26.3 - https:\/\/yoast.com\/wordpress\/plugins\/seo\/ -->\n<title>Perchero Hanging by Lucirmas<\/title>\n<meta name=\"description\" content=\"El perchero Hanging est\u00e1 dise\u00f1ado y realizado a mano con una selecci\u00f3n de botellas de vidrio, son ideales para la entrada de tu casa o en las paredes de...\" \/>\n<meta name=\"robots\" content=\"index, follow, max-snippet:-1, max-image-preview:large, max-video-preview:-1\" \/>\n<link rel=\"canonical\" href=\"https:\/\/lucirmas.com\/en\/product\/hanging\/\" \/>\n<meta property=\"og:locale\" content=\"en_US\" \/>\n<meta property=\"og:type\" content=\"article\" \/>\n<meta property=\"og:title\" content=\"Perchero Hanging by Lucirmas\" \/>\n<meta property=\"og:description\" content=\"El perchero Hanging est\u00e1 dise\u00f1ado y realizado a mano con una selecci\u00f3n de botellas de vidrio, son ideales para la entrada de tu casa o en las paredes de...\" \/>\n<meta property=\"og:url\" content=\"https:\/\/lucirmas.com\/en\/product\/hanging\/\" \/>\n<meta property=\"og:site_name\" content=\"Lucirmas - Upcycling Vidrio reciclado\" \/>\n<meta property=\"article:modified_time\" content=\"2025-04-08T13:51:09+00:00\" \/>\n<meta property=\"og:image\" content=\"https:\/\/lucirmas.com\/wp-content\/uploads\/2015\/03\/HANGING.jpg\" \/>\n\t<meta property=\"og:image:width\" content=\"600\" \/>\n\t<meta property=\"og:image:height\" content=\"600\" \/>\n\t<meta property=\"og:image:type\" content=\"image\/jpeg\" \/>\n<meta name=\"twitter:label1\" content=\"Est. reading time\" \/>\n\t<meta name=\"twitter:data1\" content=\"1 minute\" \/>\n<script type=\"application\/ld+json\" class=\"yoast-schema-graph\">{\"@context\":\"https:\/\/schema.org\",\"@graph\":[{\"@type\":\"WebPage\",\"@id\":\"https:\/\/lucirmas.com\/en\/product\/hanging\/\",\"url\":\"https:\/\/lucirmas.com\/en\/product\/hanging\/\",\"name\":\"Perchero Hanging by Lucirmas\",\"isPartOf\":{\"@id\":\"https:\/\/lucirmas.com\/#website\"},\"primaryImageOfPage\":{\"@id\":\"https:\/\/lucirmas.com\/en\/product\/hanging\/#primaryimage\"},\"image\":{\"@id\":\"https:\/\/lucirmas.com\/en\/product\/hanging\/#primaryimage\"},\"thumbnailUrl\":\"https:\/\/lucirmas.com\/wp-content\/uploads\/2015\/03\/HANGING.jpg\",\"datePublished\":\"2015-03-10T12:43:32+00:00\",\"dateModified\":\"2025-04-08T13:51:09+00:00\",\"description\":\"El perchero Hanging est\u00e1 dise\u00f1ado y realizado a mano con una selecci\u00f3n de botellas de vidrio, son ideales para la entrada de tu casa o en las paredes de...\",\"breadcrumb\":{\"@id\":\"https:\/\/lucirmas.com\/en\/product\/hanging\/#breadcrumb\"},\"inLanguage\":\"en-US\",\"potentialAction\":[{\"@type\":\"ReadAction\",\"target\":[\"https:\/\/lucirmas.com\/en\/product\/hanging\/\"]}]},{\"@type\":\"ImageObject\",\"inLanguage\":\"en-US\",\"@id\":\"https:\/\/lucirmas.com\/en\/product\/hanging\/#primaryimage\",\"url\":\"https:\/\/lucirmas.com\/wp-content\/uploads\/2015\/03\/HANGING.jpg\",\"contentUrl\":\"https:\/\/lucirmas.com\/wp-content\/uploads\/2015\/03\/HANGING.jpg\",\"width\":600,\"height\":600},{\"@type\":\"BreadcrumbList\",\"@id\":\"https:\/\/lucirmas.com\/en\/product\/hanging\/#breadcrumb\",\"itemListElement\":[{\"@type\":\"ListItem\",\"position\":1,\"name\":\"Portada\",\"item\":\"https:\/\/lucirmas.com\/en\/\"},{\"@type\":\"ListItem\",\"position\":2,\"name\":\"Tienda\",\"item\":\"https:\/\/lucirmas.com\/tienda\/\"},{\"@type\":\"ListItem\",\"position\":3,\"name\":\"HANGINGCoat stand\"}]},{\"@type\":\"WebSite\",\"@id\":\"https:\/\/lucirmas.com\/#website\",\"url\":\"https:\/\/lucirmas.com\/\",\"name\":\"Lucirmas - Upcycling Vidrio reciclado\",\"description\":\"Artesan\u00eda con botellas de vidrio en Barcelona\",\"potentialAction\":[{\"@type\":\"SearchAction\",\"target\":{\"@type\":\"EntryPoint\",\"urlTemplate\":\"https:\/\/lucirmas.com\/?s={search_term_string}\"},\"query-input\":{\"@type\":\"PropertyValueSpecification\",\"valueRequired\":true,\"valueName\":\"search_term_string\"}}],\"inLanguage\":\"en-US\"}]}<\/script>\n<!-- \/ Yoast SEO plugin. -->","yoast_head_json":{"title":"Perchero Hanging by Lucirmas","description":"El perchero Hanging est\u00e1 dise\u00f1ado y realizado a mano con una selecci\u00f3n de botellas de vidrio, son ideales para la entrada de tu casa o en las paredes de...","robots":{"index":"index","follow":"follow","max-snippet":"max-snippet:-1","max-image-preview":"max-image-preview:large","max-video-preview":"max-video-preview:-1"},"canonical":"https:\/\/lucirmas.com\/en\/product\/hanging\/","og_locale":"en_US","og_type":"article","og_title":"Perchero Hanging by Lucirmas","og_description":"El perchero Hanging est\u00e1 dise\u00f1ado y realizado a mano con una selecci\u00f3n de botellas de vidrio, son ideales para la entrada de tu casa o en las paredes de...","og_url":"https:\/\/lucirmas.com\/en\/product\/hanging\/","og_site_name":"Lucirmas - Upcycling Vidrio reciclado","article_modified_time":"2025-04-08T13:51:09+00:00","og_image":[{"width":600,"height":600,"url":"https:\/\/lucirmas.com\/wp-content\/uploads\/2015\/03\/HANGING.jpg","type":"image\/jpeg"}],"twitter_misc":{"Est. reading time":"1 minute"},"schema":{"@context":"https:\/\/schema.org","@graph":[{"@type":"WebPage","@id":"https:\/\/lucirmas.com\/en\/product\/hanging\/","url":"https:\/\/lucirmas.com\/en\/product\/hanging\/","name":"Perchero Hanging by Lucirmas","isPartOf":{"@id":"https:\/\/lucirmas.com\/#website"},"primaryImageOfPage":{"@id":"https:\/\/lucirmas.com\/en\/product\/hanging\/#primaryimage"},"image":{"@id":"https:\/\/lucirmas.com\/en\/product\/hanging\/#primaryimage"},"thumbnailUrl":"https:\/\/lucirmas.com\/wp-content\/uploads\/2015\/03\/HANGING.jpg","datePublished":"2015-03-10T12:43:32+00:00","dateModified":"2025-04-08T13:51:09+00:00","description":"El perchero Hanging est\u00e1 dise\u00f1ado y realizado a mano con una selecci\u00f3n de botellas de vidrio, son ideales para la entrada de tu casa o en las paredes de...","breadcrumb":{"@id":"https:\/\/lucirmas.com\/en\/product\/hanging\/#breadcrumb"},"inLanguage":"en-US","potentialAction":[{"@type":"ReadAction","target":["https:\/\/lucirmas.com\/en\/product\/hanging\/"]}]},{"@type":"ImageObject","inLanguage":"en-US","@id":"https:\/\/lucirmas.com\/en\/product\/hanging\/#primaryimage","url":"https:\/\/lucirmas.com\/wp-content\/uploads\/2015\/03\/HANGING.jpg","contentUrl":"https:\/\/lucirmas.com\/wp-content\/uploads\/2015\/03\/HANGING.jpg","width":600,"height":600},{"@type":"BreadcrumbList","@id":"https:\/\/lucirmas.com\/en\/product\/hanging\/#breadcrumb","itemListElement":[{"@type":"ListItem","position":1,"name":"Portada","item":"https:\/\/lucirmas.com\/en\/"},{"@type":"ListItem","position":2,"name":"Tienda","item":"https:\/\/lucirmas.com\/tienda\/"},{"@type":"ListItem","position":3,"name":"HANGINGCoat stand"}]},{"@type":"WebSite","@id":"https:\/\/lucirmas.com\/#website","url":"https:\/\/lucirmas.com\/","name":"Lucirmas - Upcycling Vidrio reciclado","description":"Artesan\u00eda con botellas de vidrio en Barcelona","potentialAction":[{"@type":"SearchAction","target":{"@type":"EntryPoint","urlTemplate":"https:\/\/lucirmas.com\/?s={search_term_string}"},"query-input":{"@type":"PropertyValueSpecification","valueRequired":true,"valueName":"search_term_string"}}],"inLanguage":"en-US"}]}},"_links":{"self":[{"href":"https:\/\/lucirmas.com\/en\/wp-json\/wp\/v2\/product\/1159","targetHints":{"allow":["GET"]}}],"collection":[{"href":"https:\/\/lucirmas.com\/en\/wp-json\/wp\/v2\/product"}],"about":[{"href":"https:\/\/lucirmas.com\/en\/wp-json\/wp\/v2\/types\/product"}],"replies":[{"embeddable":true,"href":"https:\/\/lucirmas.com\/en\/wp-json\/wp\/v2\/comments?post=1159"}],"wp:featuredmedia":[{"embeddable":true,"href":"https:\/\/lucirmas.com\/en\/wp-json\/wp\/v2\/media\/3798"}],"wp:attachment":[{"href":"https:\/\/lucirmas.com\/en\/wp-json\/wp\/v2\/media?parent=1159"}],"wp:term":[{"taxonomy":"product_brand","embeddable":true,"href":"https:\/\/lucirmas.com\/en\/wp-json\/wp\/v2\/product_brand?post=1159"},{"taxonomy":"product_cat","embeddable":true,"href":"https:\/\/lucirmas.com\/en\/wp-json\/wp\/v2\/product_cat?post=1159"},{"taxonomy":"product_tag","embeddable":true,"href":"https:\/\/lucirmas.com\/en\/wp-json\/wp\/v2\/product_tag?post=1159"}],"curies":[{"name":"wp","href":"https:\/\/api.w.org\/{rel}","templated":true}]}}