{"id":1063,"date":"2014-11-26T10:23:13","date_gmt":"2014-11-26T10:23:13","guid":{"rendered":"https:\/\/lucirmas.com\/terminos-y-condiciones-2\/"},"modified":"2017-03-01T09:43:49","modified_gmt":"2017-03-01T09:43:49","slug":"terms-and-conditions","status":"publish","type":"page","link":"https:\/\/lucirmas.com\/en\/terms-and-conditions\/","title":{"rendered":"Terms and Conditions"},"content":{"rendered":"<p>[et_pb_section admin_label=&#8221;section&#8221; transparent_background=&#8221;on&#8221; allow_player_pause=&#8221;off&#8221; inner_shadow=&#8221;off&#8221; parallax=&#8221;off&#8221; parallax_method=&#8221;off&#8221; make_fullwidth=&#8221;off&#8221; use_custom_width=&#8221;off&#8221; width_unit=&#8221;on&#8221; make_equal=&#8221;off&#8221; use_custom_gutter=&#8221;off&#8221;][et_pb_row admin_label=&#8221;row&#8221;][et_pb_column type=&#8221;4_4&#8243;][et_pb_text admin_label=&#8221;Texto&#8221; background_layout=&#8221;light&#8221; text_orientation=&#8221;left&#8221; use_border_color=&#8221;off&#8221; border_color=&#8221;#ffffff&#8221; border_style=&#8221;solid&#8221;]<\/p>\n<p><strong>Terms and conditions<\/strong><\/p>\n<p>(We recommend that you print and keep a copy of this page for future reference.)<\/p>\n<p>Welcome to our Web store! These terms &amp; conditions apply to all transactions entered through this site. We may change these terms and conditions at any time. Any changes will take effect on the date they are posted on this site. Whenever an order is made, you confirm that you are 18 years old or over, and that you understand and accept the terms &amp; conditions mentioned hereinafter. Your terms and conditions shall not be applicable and shall not be opposable to us.<\/p>\n<p>&nbsp;<\/p>\n<ol>\n<li>SELECTION OF PRODUCTS The Lucirm\u00e1s pieces are made from discarded materials and conserve their shape, colour and texture. For this reason the final design of the products may vary from the items found in the catalogue, in format as well as in colour and texture. Regarding the pieces marked as \u201cunique piece\u201d, keep in mind that the pictures only serve as a reference, with a possible variation in the final design depending upon which materials are available at any given time.<\/li>\n<\/ol>\n<p>&nbsp;<\/p>\n<ol start=\"2\">\n<li>PRICES &amp; AVAILABILITY<\/li>\n<\/ol>\n<p>All prices and charges on this site are shown in euros, including VAT, but excluding delivery charges. The total cost of your order will be the price of the products that you order plus the applicable delivery charge. All these will be set out clearly in your shopping cart before you submit your order. All goods shall remain our property until payment in full shall have been received for all amounts of invoice. Prices, offers and products are subject to availability and may change before (but not after) we accept your order.<\/p>\n<p>&nbsp;<\/p>\n<ol start=\"3\">\n<li>DELIVERY<\/li>\n<\/ol>\n<p>We deliver &#8220;ex works&#8221;; therefore you bear with all costs and risks of transport. In case that you were unable to receive it (including your absence at the time of delivery), you agree to pay our reasonable additional fees for storage and redelivery, and an administration fee for re-arranging the delivery. In such case, we cannot accept any liability for loss or damage to products that do not remain in our custody and care. We make every effort to deliver goods within a reasonable timescale and preferably within the estimated timescales; however, delays are occasionally inevitable due to unforeseen factors beyond our control and, therefore, delivery times are not guaranteed. Estimated delivery dates are not part of the contract between you and us, and we shall be under no liability for any delay or failure to deliver the products within estimated timescales. The delivery times for the products in stock are as follows (as a general reference only):<\/p>\n<ul>\n<li>4-7 working days for shipments to Spain (within the peninsula and the Balearic Islands)<\/li>\n<li>4-8 working days for shipments to Spain (Canary Islands, Ceuta and Melilla)<\/li>\n<li>4-8 working days for shipments to the European Union<\/li>\n<li>4-8 working days for shipments to the rest of Europe<\/li>\n<li>10-15 working days for shipments to America, Asia, Africa and Oceania<\/li>\n<\/ul>\n<p>&nbsp;<\/p>\n<p>Delivery times are calculated in working days -from Monday to Friday- due to the fact that the courier company does not deliver on Saturdays, Sundays or holidays.<\/p>\n<p>&nbsp;<\/p>\n<ol start=\"4\">\n<li>COMPLAINTS<\/li>\n<\/ol>\n<p>If you have any complaints, please, do not hesitate to contact us and we will do everything it is on our hands to give the situation the attention it deserves. However, note that we have specific rules for merchandise devolutions. Lucirm\u00e1s is not responsible for damages done by the transportation company.<\/p>\n<p>&nbsp;<\/p>\n<p>&nbsp;<\/p>\n<ol start=\"5\">\n<li>CANCELING ORDERS<\/li>\n<\/ol>\n<p>You shall not be entitled to cancel orders without written permission from us. This permission shall be subject to compensation for all damaged caused by this cancellation. Without prejudice to our right to demand execution or compensation for any damage suffered in excess, you agree that this damage shall be estimated at a minimum of 30% of the amount of the invoice issued by us.<\/p>\n<p>&nbsp;<\/p>\n<ol start=\"6\">\n<li>DEVOLUTIONS FAULTY GOODS<\/li>\n<\/ol>\n<p>If upon reception of the product, you believe that it is not in keeping with what was stipulated in the contract, you should immediately contact us using our contact form or via e-mail at info@lucirmas.com, indicating the product information and the defects found (Under penalty of being void if 48 hours is not made in the 24- to receiving the product) at the time of delivery (in case of visible defects). All claims are to be written and official, referring to the relevant information, including the order number and invoice number. \u2028In the event that this claim is admitted, the responsibility of Lucirm\u00e1s will be strictly limited to the replacement of the defective product with no extra charge or the possibility of offering a refund qual to the cost of the order.<\/p>\n<ol start=\"7\">\n<li>DEVOLUTIONS NON-FAULTY GOODS<\/li>\n<\/ol>\n<p>Devolutions will be accepted up to 5 (five) days max. after the client has received the merchandise. After this time devolutions will not be accepted. Lucirm\u00e1s has to give its consent to any merchandise devolution. All returned products have to be properly repacked in their original packaging and in perfect conditions. In such case we will refund the sum paid, deducting the costs of transportation to the card used for payment. You are responsible for all costs of returning the goods. If the goods are not properly repacked and therefore cannot be resold as new, we reserve the right to apply a charge of 30% of the price you paid for the product, which you agree we may discount from your refund for the goods. If the goods are damaged whilst in your care or if you fail to return all parts of the goods, we have the right to withhold payment of all or part of the refund in relation to the goods as compensation for our losses on these goods.<\/p>\n<ol start=\"8\">\n<li>INCORRECT LISTINGS<\/li>\n<\/ol>\n<p>If a product or service is listed with an incorrect price due to a typographical error or an error in the pricing information received by us from our suppliers, then we reserve the right to cancel the contract. If you decide to cancel your order after we have informed you of a pricing error and you have already paid for the goods, we will give you a full refund as soon as reasonably possible (and in any event within thirty (30) days of cancellation). In these circumstances, you will not be entitled to seek compensation for disappointment suffered or for any losses, which you might otherwise have incurred.<\/p>\n<p>&nbsp;<\/p>\n<ol start=\"9\">\n<li>DATA PROTECTION<\/li>\n<\/ol>\n<p>Lucirm\u00e1s guaranties that the use of the personal information of the users that contact us, either through use of the web page form or via e-mail, will be carried out in accordance with what is laid out in the Organic Law 15\/1999 from December 12 on Personal Data Protection, and its regulation for development, as well as the \u201cPRIVACY POLICY&#8221;.<\/p>\n<ol>\n<li>TRADEMARK<\/li>\n<\/ol>\n<p>Lucirm\u00e1s\u00ae is a registered trademark owned by Lucia Bruni. \u2028All specifications and product concepts are our private property and may only be used by you in as far as necessary for the use of these products. Reproductions or use of this information for other purposes is forbidden. Also reproduction and use is forbidden of every trademark and other distinctive signs in this site. Lucia Bruni holds the exclusive sole right on development and final production of the design that is presented in this Website. Ownership of rights derived from intellectual and industrial property for the creations that are object of the present document exclusively belongs to Lucia Bruni. Thus, Lucia Bruni is the sole holder of the rights that correspond as author of the products that are object of the present document, the same in accordance to art. 2 of the Intellectual Property Law, Law 22\/1987, dated November 11 on Intellectual Property, which includes ownership of the rights that are recognized in the Second Title of the same Law. Non-compliance of the above-mentioned conditions will be subject to an action at law before the Courts and Tribunals of the province of Barcelona, Spain. \u00a9 Lucirm\u00e1s, 2012, Barcelona, Spain<\/p>\n<p>[\/et_pb_text][\/et_pb_column][\/et_pb_row][\/et_pb_section]<\/p>\n","protected":false},"excerpt":{"rendered":"<p>Terms and conditions (We recommend that you print and keep a copy of this page for future reference.) Welcome to our Web store! These terms &amp; conditions apply to all transactions entered through this site. We may change these terms and conditions at any time. Any changes will take effect on the date they are [&hellip;]<\/p>\n","protected":false},"author":3,"featured_media":0,"parent":0,"menu_order":0,"comment_status":"open","ping_status":"closed","template":"","meta":{"_et_pb_use_builder":"on","_et_pb_old_content":"<h1><strong>CONDICIONES DE COMPRA:<\/strong><\/h1><p>Condiciones de compra (Te recomendamos imprimir y guardar una copia de esta p\u00e1gina como referencia para futuras compras)<\/p><p>\u00a1Bienvenido a nuestra tienda on-line! Los siguientes t\u00e9rminos y condiciones son de aplicaci\u00f3n para todas las transacciones realizadas a trav\u00e9s de esta p\u00e1gina. Tenemos derecho de revisar y modificar las presentes condiciones en cualquier momento. Estar\u00e1s sujeto a las Pol\u00edticas y Condiciones vigentes en el momento en que efect\u00faes cada pedido. Los posibles cambios no afectar\u00e1n a los pedidos con respecto a los que ya tengas una confirmaci\u00f3n. Al realizar un pedido a trav\u00e9s de este sitio web, t\u00fa nos garantizas que eres mayor de edad y que aceptas los T\u00e9rminos y Condiciones mencionados de aqu\u00ed en adelante. Estas condiciones son importantes tanto para ti como para nosotros, puesto que han sido dise\u00f1adas para crear un acuerdo legalmente vinculante entre nosotros, protegiendo tus derechos como cliente y nuestros derechos como empresa. T\u00fa declaras que, al hacer tu pedido, has le\u00eddo y aceptas las presentes condiciones, por lo que, si no est\u00e1s de acuerdo con ellas, no deber\u00edas hacer ning\u00fan pedido.<\/p><p>\u00a0<\/p><ol><li>SELECCI\u00d3N DEL PRODUCTO<\/li><\/ol><p>Las piezas de Lucirm\u00e1s est\u00e1n hechas con vidrio reciclado, respetando su forma, colores y texturas, por lo que el dise\u00f1o final de los productos puede variar del que figura en el cat\u00e1logo, tanto en su formato como en su color y textura. \u2028Por lo que respecta a los modelos marcados como \u201cpiezas \u00fanicas\u201d, debe tenerse en cuenta que las fotograf\u00edas \u00fanicamente son a modo de referencia, pudiendo variar el dise\u00f1o final dependiendo de los materiales disponibles en cada momento.<\/p><p>\u00a0<\/p><ol start=\"2\"><li>PRECIOS & DISPONIBILIDAD<\/li><\/ol><p>Los precios de la p\u00e1gina web incluyen IVA, pero excluyen los gastos de env\u00edo, que se a\u00f1adir\u00e1n al importe total debido. El importe total de tu pedido, ser\u00e1 el que resulte del precio de los productos incluidos en tu compra, m\u00e1s el coste de entrega aplicable en cada caso. Todos estos detalles estar\u00e1n claramente indicados en tu listado de compra antes de que hayas formalizado el pedido. La propiedad de todos los productos y la facultad de recuperarlos, pertenece a Lucirm\u00e1s hasta que se haya recibido el pago completo del importe de la factura, incluidos los gastos de env\u00edo. Los precios, ofertas y productos est\u00e1n sujetos a disponibilidad y pueden variar antes (nunca despu\u00e9s) de que hayamos aceptado tu pedido.<\/p><p>\u00a0<\/p><ol start=\"3\"><li>CONDICIONES DE ENTREGA<\/li><\/ol><p>Nuestras condiciones de entrega son EXW, por lo tanto, t\u00fa deber\u00e1s hacerte cargo de todos los costes y riesgos del transporte. Si nos resultase imposible efectuar la entrega (incluido el caso en que no te hallases en tu domicilio en el momento de la entrega), te rogamos tengas en cuenta que tanto el almacenaje como la gesti\u00f3n administrativa del nuevo env\u00edo de tu\/s producto\/s tendr\u00e1n un coste adicional. En tales circunstancias, no asumiremos ninguna responsabilidad por p\u00e9rdida o da\u00f1o de los productos mientras no permanezcan bajo nuestra custodia y cuidado. Intentaremos enviar el pedido del\/ de los producto\/s relacionados en la Confirmaci\u00f3n de Env\u00edo en un plazo de tiempo razonable y, si es posible, incluso antes de la fecha de entrega que figura en la Confirmaci\u00f3n de Env\u00edo. Sin embargo, las fechas de entrega no est\u00e1n completamente garantizadas, ya que pueden existir circunstancias extraordinarias e imprevistas que se escapen a nuestro control. Los plazos de entrega estimados, no forman parte de nuestro contrato y nosotros quedamos eximidos de cualquier responsabilidad vinculada a un retraso o imposibilidad de efectuar la entrega en los plazos estimados_\u2028. _\u2028Los plazos de entrega, a t\u00edtulo orientativo, para los productos en stock son los siguientes:<\/p><p>\u00a0<\/p><ul><li>4-7 d\u00edas laborales - Espa\u00f1a (Pen\u00ednsula y Baleares)<\/li><li>4-8 d\u00edas laborales - Espa\u00f1a (Canarias, Ceuta y Melilla)<\/li><li>4-8 d\u00edas laborales - Uni\u00f3n Europea<\/li><li>4-8 d\u00edas laborales - Resto de Europa<\/li><li>10-15 d\u00edas laborales - Am\u00e9rica, Asia, \u00c1frica, Ocean\u00eda<\/li><\/ul><p>\u00a0<\/p><p>Los plazos de entrega se computan sobre los d\u00edas laborables - de lunes a viernes - puesto que la compa\u00f1\u00eda de mensajer\u00eda no realiza entregas en s\u00e1bados, domingos ni festivos.<\/p><p>\u00a0<\/p><ol start=\"4\"><li>CANCELAR PEDIDOS<\/li><\/ol><p>Los pedidos no podr\u00e1n ser cancelados sin haber recibido una autorizaci\u00f3n por escrito de nuestra parte. Esta autorizaci\u00f3n estar\u00e1 sujeta a la compensaci\u00f3n de los da\u00f1os causados por tal cancelaci\u00f3n. Estos da\u00f1os estar\u00e1n estimados con un m\u00ednimo de un 30% del importe de la factura que hayamos emitido, sin perjuicio de nuestro derecho a exigir la ejecuci\u00f3n o compensaci\u00f3n por alg\u00fan da\u00f1o sufrido en exceso.<\/p><ol start=\"5\"><li>RECLAMACIONES<\/li><\/ol><p>Si tuvieras cualquier queja, te rogamos que te pongas en contacto con nosotros y haremos todo aquello que est\u00e9 en nuestras manos con el fin de darle a cada situaci\u00f3n la atenci\u00f3n que se merece. No obstante, te rogamos tengas en cuenta que disponemos de reglas espec\u00edficas sobre devoluciones de producto. Lucirm\u00e1s no se har\u00e1 cargo de los da\u00f1os que hayan podido ser ocasionados por la compa\u00f1\u00eda de transporte.<\/p><ol start=\"6\"><li>DEVOLUCIONES DE PRODUCTOS DEFECTUOSOS<\/li><\/ol><p>En aquellos casos en que consideres que en el momento de la entrega el producto no se ajusta a lo estipulado en el Contrato, deber\u00e1s ponerte en contacto con nosotros de forma inmediata enviando un mail a <a href=\"mailto:info@lucirmas.com\">info@lucirmas.com<\/a> facilitando los datos del producto as\u00ed como del da\u00f1o que sufre, ( bajo penalizaci\u00f3n de ser nulo si no se hace en las 24- 48 horas siguientes a la recepci\u00f3n del producto), en el momento de la entrega (en caso de defectos visibles). Todas las reclamaciones deben ser notificadas de forma oficial y por escrito, haciendo menci\u00f3n a los datos relevantes, incluyendo el n\u00famero de pedido y de factura, y ajuntando fotos que documenten la rotura del producto, en cuyo defecto o ausencia, cualquier reclamaci\u00f3n se considerar\u00eda inadmisible. En caso de que la reclamaci\u00f3n sea aceptada, nuestra responsabilidad se limitar\u00eda a la sustituci\u00f3n sin cargos del producto que se encontraba defectuoso o, dependiendo del caso, al reembolso del importe del pedido. T\u00fa reconoces expresamente que cualquier otra p\u00e9rdida o da\u00f1o indirecto causado por ese defecto, no debe ser recompensado por nosotros.<\/p><ol start=\"7\"><li>DEVOLUCIONES DE PRODUCTOS NO DEFECTUOSOS<\/li><\/ol><p>Se aceptar\u00e1n las devoluciones en un plazo m\u00e1ximo de los 5 (cinco) d\u00edas siguientes a la recepci\u00f3n de la mercanc\u00eda. Tras este per\u00edodo, no se aceptar\u00e1 ninguna devoluci\u00f3n. Lucirm\u00e1s debe dar su consentimiento para proceder. Todos los productos deben ser devueltos en perfectas condiciones, usando su envoltorio original, adem\u00e1s de las instrucciones y documentaci\u00f3n que puedan acompa\u00f1ar al mismo. La devoluci\u00f3n se efectuar\u00e1 en la misma tarjeta de cr\u00e9dito que se utiliz\u00f3 para pagar la compra, a excepci\u00f3n de los gastos de transporte. T\u00fa ser\u00e1s responsable de los costes de la devoluci\u00f3n de los productos. Si estos no estuvieran adecuadamente envueltos y, por tanto, no pudieran ser vendidos como nuevos, nos reservamos el derecho a aplicar un cargo del 30% del importe pagado por los productos, entendido como un valor a descontar para poder proceder a la restituci\u00f3n del producto. Si los art\u00edculos sufrieran alg\u00fan da\u00f1o durante el proceso de devoluci\u00f3n o si no se devolvieran los art\u00edculos con todos sus componentes, nosotros tenemos derecho a retener el pago de todo o de parte del reembolso en concepto de compensaci\u00f3n de p\u00e9rdida de esos art\u00edculos.<\/p><ol start=\"8\"><li>LISTADOS INCORRECTOS<\/li><\/ol><p>En el caso de que un producto o servicio estuviera listado con un precio incorrecto, debido a un error tipogr\u00e1fico o bien a un error procedente de las tarifas comunicadas por alguno de nuestros proveedores, nos reservar\u00edamos el derecho a cancelar el contrato. Si decides cancelar un pedido por el que ya has pagado, tras haber recibido la informaci\u00f3n acerca de un error en los precios, te reembolsaremos \u00edntegramente la cantidad que hayas pagado lo antes posible (y siempre en el plazo de los 30 d\u00edas siguientes a la cancelaci\u00f3n). Bajo estas circunstancias, no tendr\u00e1s derecho a reclamar ning\u00fan otro tipo de compensaci\u00f3n respecto a los perjuicios que este hecho haya podido causarte.<\/p><ol start=\"9\"><li>PROTECCI\u00d3N DE DATOS<\/li><\/ol><p>Lucirm\u00e1s garantiza que el tratamiento de los datos personales de los usuarios que se pongan en contacto con nosotros, ya sea a trav\u00e9s del formulario de la web o mediante correo electr\u00f3nico, se realizar\u00e1 de conformidad con lo dispuesto en la Ley Org\u00e1nica 15\/1999 de 13 de diciembre sobre Protecci\u00f3n de Datos de Car\u00e1cter Personal, y su normativa de desarrollo, as\u00ed como en la \"POL\u00cdTICA DE PRIVACIDAD\".<\/p><ol><li>PROPIEDAD INTELECTUAL E INDUSTRIAL<\/li><\/ol><p>Lucirm\u00e1s\u00ae es una marca registrada con titularidad de Lucia Bruni_\u2028. _\u2028Lucia Bruni tiene el derecho \u00fanico del desarrollo y de la producci\u00f3n final del dise\u00f1o presentado en este documento. La titularidad de los derechos derivados de la propiedad intelectual e industrial de las creaciones objeto del presente documento pertenecen en exclusiva a Lucia Bruni. As\u00ed, Lucia Bruni es la \u00fanica titular de los derechos que como autor y de acuerdo con el art. 2 de la Ley de Propiedad Intelectual, Ley 22\/1987, de 11 de noviembre de Propiedad Intelectual, le corresponden sobre los productos objeto del presente documento, comprendiendo esta titularidad los derechos reconocidos en el Titulo Segundo de la misma Ley. El incumplimiento de las condiciones antes mencionadas estar\u00e1 sujeto a demanda ante los tribunales de la provincia de Barcelona.<\/p>","_et_gb_content_width":"","footnotes":""},"class_list":["post-1063","page","type-page","status-publish","hentry"],"yoast_head":"<!-- This site is optimized with the Yoast SEO plugin v26.3 - https:\/\/yoast.com\/wordpress\/plugins\/seo\/ -->\n<title>Terms and Conditions - Lucirmas - Upcycling Vidrio reciclado<\/title>\n<meta name=\"robots\" content=\"index, follow, max-snippet:-1, max-image-preview:large, max-video-preview:-1\" \/>\n<link rel=\"canonical\" href=\"https:\/\/lucirmas.com\/en\/terms-and-conditions\/\" \/>\n<meta property=\"og:locale\" content=\"en_US\" \/>\n<meta property=\"og:type\" content=\"article\" \/>\n<meta property=\"og:title\" content=\"Terms and Conditions - Lucirmas - Upcycling Vidrio reciclado\" \/>\n<meta property=\"og:description\" content=\"Terms and conditions (We recommend that you print and keep a copy of this page for future reference.) Welcome to our Web store! These terms &amp; conditions apply to all transactions entered through this site. We may change these terms and conditions at any time. Any changes will take effect on the date they are [&hellip;]\" \/>\n<meta property=\"og:url\" content=\"https:\/\/lucirmas.com\/en\/terms-and-conditions\/\" \/>\n<meta property=\"og:site_name\" content=\"Lucirmas - Upcycling Vidrio reciclado\" \/>\n<meta property=\"article:modified_time\" content=\"2017-03-01T09:43:49+00:00\" \/>\n<meta name=\"twitter:label1\" content=\"Est. reading time\" \/>\n\t<meta name=\"twitter:data1\" content=\"7 minutes\" \/>\n<script type=\"application\/ld+json\" class=\"yoast-schema-graph\">{\"@context\":\"https:\/\/schema.org\",\"@graph\":[{\"@type\":\"WebPage\",\"@id\":\"https:\/\/lucirmas.com\/en\/terms-and-conditions\/\",\"url\":\"https:\/\/lucirmas.com\/en\/terms-and-conditions\/\",\"name\":\"Terms and Conditions - Lucirmas - Upcycling Vidrio reciclado\",\"isPartOf\":{\"@id\":\"https:\/\/lucirmas.com\/#website\"},\"datePublished\":\"2014-11-26T10:23:13+00:00\",\"dateModified\":\"2017-03-01T09:43:49+00:00\",\"breadcrumb\":{\"@id\":\"https:\/\/lucirmas.com\/en\/terms-and-conditions\/#breadcrumb\"},\"inLanguage\":\"en-US\",\"potentialAction\":[{\"@type\":\"ReadAction\",\"target\":[\"https:\/\/lucirmas.com\/en\/terms-and-conditions\/\"]}]},{\"@type\":\"BreadcrumbList\",\"@id\":\"https:\/\/lucirmas.com\/en\/terms-and-conditions\/#breadcrumb\",\"itemListElement\":[{\"@type\":\"ListItem\",\"position\":1,\"name\":\"Portada\",\"item\":\"https:\/\/lucirmas.com\/en\/\"},{\"@type\":\"ListItem\",\"position\":2,\"name\":\"Terms and Conditions\"}]},{\"@type\":\"WebSite\",\"@id\":\"https:\/\/lucirmas.com\/#website\",\"url\":\"https:\/\/lucirmas.com\/\",\"name\":\"Lucirmas - Upcycling Vidrio reciclado\",\"description\":\"Artesan\u00eda con botellas de vidrio en Barcelona\",\"potentialAction\":[{\"@type\":\"SearchAction\",\"target\":{\"@type\":\"EntryPoint\",\"urlTemplate\":\"https:\/\/lucirmas.com\/?s={search_term_string}\"},\"query-input\":{\"@type\":\"PropertyValueSpecification\",\"valueRequired\":true,\"valueName\":\"search_term_string\"}}],\"inLanguage\":\"en-US\"}]}<\/script>\n<!-- \/ Yoast SEO plugin. -->","yoast_head_json":{"title":"Terms and Conditions - Lucirmas - Upcycling Vidrio reciclado","robots":{"index":"index","follow":"follow","max-snippet":"max-snippet:-1","max-image-preview":"max-image-preview:large","max-video-preview":"max-video-preview:-1"},"canonical":"https:\/\/lucirmas.com\/en\/terms-and-conditions\/","og_locale":"en_US","og_type":"article","og_title":"Terms and Conditions - Lucirmas - Upcycling Vidrio reciclado","og_description":"Terms and conditions (We recommend that you print and keep a copy of this page for future reference.) Welcome to our Web store! These terms &amp; conditions apply to all transactions entered through this site. We may change these terms and conditions at any time. Any changes will take effect on the date they are [&hellip;]","og_url":"https:\/\/lucirmas.com\/en\/terms-and-conditions\/","og_site_name":"Lucirmas - Upcycling Vidrio reciclado","article_modified_time":"2017-03-01T09:43:49+00:00","twitter_misc":{"Est. reading time":"7 minutes"},"schema":{"@context":"https:\/\/schema.org","@graph":[{"@type":"WebPage","@id":"https:\/\/lucirmas.com\/en\/terms-and-conditions\/","url":"https:\/\/lucirmas.com\/en\/terms-and-conditions\/","name":"Terms and Conditions - Lucirmas - Upcycling Vidrio reciclado","isPartOf":{"@id":"https:\/\/lucirmas.com\/#website"},"datePublished":"2014-11-26T10:23:13+00:00","dateModified":"2017-03-01T09:43:49+00:00","breadcrumb":{"@id":"https:\/\/lucirmas.com\/en\/terms-and-conditions\/#breadcrumb"},"inLanguage":"en-US","potentialAction":[{"@type":"ReadAction","target":["https:\/\/lucirmas.com\/en\/terms-and-conditions\/"]}]},{"@type":"BreadcrumbList","@id":"https:\/\/lucirmas.com\/en\/terms-and-conditions\/#breadcrumb","itemListElement":[{"@type":"ListItem","position":1,"name":"Portada","item":"https:\/\/lucirmas.com\/en\/"},{"@type":"ListItem","position":2,"name":"Terms and Conditions"}]},{"@type":"WebSite","@id":"https:\/\/lucirmas.com\/#website","url":"https:\/\/lucirmas.com\/","name":"Lucirmas - Upcycling Vidrio reciclado","description":"Artesan\u00eda con botellas de vidrio en Barcelona","potentialAction":[{"@type":"SearchAction","target":{"@type":"EntryPoint","urlTemplate":"https:\/\/lucirmas.com\/?s={search_term_string}"},"query-input":{"@type":"PropertyValueSpecification","valueRequired":true,"valueName":"search_term_string"}}],"inLanguage":"en-US"}]}},"_links":{"self":[{"href":"https:\/\/lucirmas.com\/en\/wp-json\/wp\/v2\/pages\/1063","targetHints":{"allow":["GET"]}}],"collection":[{"href":"https:\/\/lucirmas.com\/en\/wp-json\/wp\/v2\/pages"}],"about":[{"href":"https:\/\/lucirmas.com\/en\/wp-json\/wp\/v2\/types\/page"}],"author":[{"embeddable":true,"href":"https:\/\/lucirmas.com\/en\/wp-json\/wp\/v2\/users\/3"}],"replies":[{"embeddable":true,"href":"https:\/\/lucirmas.com\/en\/wp-json\/wp\/v2\/comments?post=1063"}],"version-history":[{"count":6,"href":"https:\/\/lucirmas.com\/en\/wp-json\/wp\/v2\/pages\/1063\/revisions"}],"predecessor-version":[{"id":3427,"href":"https:\/\/lucirmas.com\/en\/wp-json\/wp\/v2\/pages\/1063\/revisions\/3427"}],"wp:attachment":[{"href":"https:\/\/lucirmas.com\/en\/wp-json\/wp\/v2\/media?parent=1063"}],"curies":[{"name":"wp","href":"https:\/\/api.w.org\/{rel}","templated":true}]}}