{"id":1060,"date":"2014-11-18T13:55:44","date_gmt":"2014-11-18T13:55:44","guid":{"rendered":"https:\/\/lucirmas.com\/servicios-de-co-diseno-en-barcelona-2\/"},"modified":"2025-05-22T10:18:57","modified_gmt":"2025-05-22T10:18:57","slug":"hosteleria","status":"publish","type":"page","link":"https:\/\/lucirmas.com\/en\/hosteleria\/","title":{"rendered":"Hosteler\u00eda"},"content":{"rendered":"<p>[et_pb_section fb_built=&#8221;1&#8243; fullwidth=&#8221;on&#8221; admin_label=&#8221;Secci\u00f3n&#8221; _builder_version=&#8221;4.16&#8243; background_color=&#8221;rgba(255,255,255,0)&#8221; transparent_background=&#8221;on&#8221; make_fullwidth=&#8221;off&#8221; use_custom_width=&#8221;off&#8221; width_unit=&#8221;off&#8221; custom_width_px=&#8221;1080px&#8221; custom_width_percent=&#8221;80%&#8221; global_colors_info=&#8221;{}&#8221;][et_pb_fullwidth_image src=&#8221;https:\/\/lucirmas.com\/wp-content\/uploads\/2015\/02\/lucirmas-taller-co-design-barcelona.jpg&#8221; admin_label=&#8221;Imagen de anchura completa&#8221; _builder_version=&#8221;4.16&#8243; animation_style=&#8221;fade&#8221; animation_duration=&#8221;500ms&#8221; animation=&#8221;fade_in&#8221; use_border_color=&#8221;off&#8221; border_color=&#8221;#ffffff&#8221; border_width=&#8221;1px&#8221; border_style=&#8221;solid&#8221; global_colors_info=&#8221;{}&#8221;] [\/et_pb_fullwidth_image][\/et_pb_section][et_pb_section fb_built=&#8221;1&#8243; admin_label=&#8221;section&#8221; _builder_version=&#8221;4.16&#8243; background_color=&#8221;rgba(255,255,255,0)&#8221; transparent_background=&#8221;on&#8221; make_fullwidth=&#8221;off&#8221; use_custom_width=&#8221;off&#8221; width_unit=&#8221;off&#8221; custom_width_px=&#8221;1080px&#8221; custom_width_percent=&#8221;80%&#8221; global_colors_info=&#8221;{}&#8221;][et_pb_row column_structure=&#8221;3_4,1_4&#8243; admin_label=&#8221;row&#8221; _builder_version=&#8221;4.16&#8243; background_size=&#8221;initial&#8221; background_position=&#8221;top_left&#8221; background_repeat=&#8221;repeat&#8221; make_fullwidth=&#8221;off&#8221; use_custom_width=&#8221;off&#8221; width_unit=&#8221;off&#8221; custom_width_px=&#8221;1080px&#8221; custom_width_percent=&#8221;80%&#8221; global_colors_info=&#8221;{}&#8221;][et_pb_column type=&#8221;3_4&#8243; _builder_version=&#8221;4.16&#8243; custom_padding=&#8221;|||&#8221; global_colors_info=&#8221;{}&#8221; custom_padding__hover=&#8221;|||&#8221;][et_pb_text admin_label=&#8221;Dise\u00f1os sostenibles a medida para restaurantes y cocteler\u00edas&#8221; _builder_version=&#8221;4.27.4&#8243; background_size=&#8221;initial&#8221; background_position=&#8221;top_left&#8221; background_repeat=&#8221;repeat&#8221; hover_enabled=&#8221;0&#8243; use_border_color=&#8221;off&#8221; border_style=&#8221;solid&#8221; saved_tabs=&#8221;all&#8221; global_colors_info=&#8221;{}&#8221; sticky_enabled=&#8221;0&#8243;]<\/p>\n<h1>Dise\u00f1os sostenibles a medida para restaurantes y cocteler\u00edas<\/h1>\n<p>[\/et_pb_text][et_pb_text admin_label=&#8221;Texto&#8221; _builder_version=&#8221;4.27.4&#8243; background_size=&#8221;initial&#8221; background_position=&#8221;top_left&#8221; background_repeat=&#8221;repeat&#8221; use_border_color=&#8221;off&#8221; border_style=&#8221;solid&#8221; global_colors_info=&#8221;{}&#8221;]<\/p>\n<p class=\"\" data-start=\"298\" data-end=\"668\">En Lucirm\u00e1s transformamos botellas de vidrio recicladas en piezas \u00fanicas y funcionales que dan car\u00e1cter a cualquier mesa o barra.<br data-start=\"427\" data-end=\"430\" \/>Nuestro enfoque de <strong data-start=\"449\" data-end=\"472\">upcycling artesanal<\/strong> combina dise\u00f1o contempor\u00e1neo, sostenibilidad y un fuerte valor narrativo, perfecto para restaurantes, bares y cocteler\u00edas que desean ofrecer una experiencia consciente, est\u00e9tica y diferenciadora.<\/p>\n<p class=\"\" data-start=\"670\" data-end=\"896\">Cada objeto \u2014ya sea un vaso, un plato, una copa o un elemento decorativo\u2014 se elabora a mano en nuestro taller de Barcelona, cuidando cada detalle para garantizar <strong data-start=\"832\" data-end=\"895\">calidad, durabilidad y coherencia con tu identidad de marca<\/strong>.<\/p>\n<p>[\/et_pb_text][et_pb_image src=&#8221;https:\/\/lucirmas.com\/wp-content\/uploads\/2015\/02\/servicios-de-lucirmas.jpg&#8221; align=&#8221;center&#8221; align_tablet=&#8221;center&#8221; align_phone=&#8221;center&#8221; align_last_edited=&#8221;on|desktop&#8221; admin_label=&#8221;Imagen&#8221; _builder_version=&#8221;4.16&#8243; animation_style=&#8221;fade&#8221; animation_duration=&#8221;500ms&#8221; animation=&#8221;fade_in&#8221; use_border_color=&#8221;off&#8221; border_color=&#8221;#ffffff&#8221; border_width=&#8221;1px&#8221; border_style=&#8221;solid&#8221; sticky=&#8221;off&#8221; always_center_on_mobile=&#8221;on&#8221; global_colors_info=&#8221;{}&#8221;] [\/et_pb_image][et_pb_text admin_label=&#8221;\u00bfQu\u00e9 podemos crear juntos?&#8221; _builder_version=&#8221;4.27.4&#8243; background_size=&#8221;initial&#8221; background_position=&#8221;top_left&#8221; background_repeat=&#8221;repeat&#8221; use_border_color=&#8221;off&#8221; border_style=&#8221;solid&#8221; saved_tabs=&#8221;all&#8221; global_colors_info=&#8221;{}&#8221;]<\/p>\n<h1>\u00bfQu\u00e9 podemos crear juntos?<\/h1>\n<p>[\/et_pb_text][et_pb_text admin_label=&#8221;Texto&#8221; _builder_version=&#8221;4.27.4&#8243; background_size=&#8221;initial&#8221; background_position=&#8221;top_left&#8221; background_repeat=&#8221;repeat&#8221; use_border_color=&#8221;off&#8221; border_style=&#8221;solid&#8221; global_colors_info=&#8221;{}&#8221;]<\/p>\n<p>&#8211; \ud83c\udf78 <strong data-start=\"934\" data-end=\"957\">Vasos para c\u00f3cteles<\/strong> \u00fanicos y personalizados, que nacen de botellas reutilizadas.<br data-start=\"1018\" data-end=\"1021\" \/>&#8211; \ud83c\udf7d\ufe0f <strong data-start=\"1025\" data-end=\"1045\">Platos y cuencos<\/strong> con un dise\u00f1o honesto y minimalista, ideales para servir con estilo.<br data-start=\"1114\" data-end=\"1117\" \/>&#8211; \ud83c\udf3f <strong data-start=\"1120\" data-end=\"1156\">Piezas decorativas o utilitarias<\/strong>, como porta velas, recipientes para snacks o presentaciones especiales.<br data-start=\"1228\" data-end=\"1231\" \/>&#8211; \ud83e\udde9 <strong data-start=\"1234\" data-end=\"1268\">Dise\u00f1os exclusivos por encargo<\/strong>, adaptados al concepto est\u00e9tico y valores de tu local.<\/p>\n<p class=\"\" data-start=\"1325\" data-end=\"1555\">Adem\u00e1s de ser sostenibles, nuestras piezas cuentan una historia. Y esa historia se convierte en parte de la experiencia del cliente: una copa que antes fue una botella, un objeto con alma que refuerza tu compromiso con el planeta.<\/p>\n<p><strong><a href=\"https:\/\/lucirmas.com\/contacta\/\">No dudes en ponerte en contacto con nosotros. Haz click en este link<\/a><\/strong><\/p>\n<p>[\/et_pb_text][et_pb_divider show_divider=&#8221;off&#8221; admin_label=&#8221;Separador50&#8243; _builder_version=&#8221;4.16&#8243; height=&#8221;50px&#8221; hide_on_mobile=&#8221;off&#8221; saved_tabs=&#8221;all&#8221; global_colors_info=&#8221;{}&#8221;][\/et_pb_divider][et_pb_text admin_label=&#8221;Seguro que te gustar\u00e1 esto&#8221; _builder_version=&#8221;4.16&#8243; text_font_size=&#8221;22&#8243; background_size=&#8221;initial&#8221; background_position=&#8221;top_left&#8221; background_repeat=&#8221;repeat&#8221; custom_margin=&#8221;||1%|&#8221; use_border_color=&#8221;off&#8221; border_color=&#8221;#6b6b6b&#8221; border_style=&#8221;solid&#8221; saved_tabs=&#8221;all&#8221; global_colors_info=&#8221;{}&#8221;]Seguro que te gustar\u00e1 esto<br \/>\n[\/et_pb_text][et_pb_divider color=&#8221;#e0e0e0&#8243; divider_weight=&#8221;1px&#8221; disabled_on=&#8221;on|on|off&#8221; admin_label=&#8221;linea&#8221; _builder_version=&#8221;4.16&#8243; height=&#8221;5px&#8221; hide_on_mobile=&#8221;on&#8221; saved_tabs=&#8221;all&#8221; global_colors_info=&#8221;{}&#8221;] [\/et_pb_divider][et_pb_text admin_label=&#8221;Texto&#8221; _builder_version=&#8221;4.16&#8243; background_size=&#8221;initial&#8221; background_position=&#8221;top_left&#8221; background_repeat=&#8221;repeat&#8221; use_border_color=&#8221;off&#8221; border_style=&#8221;solid&#8221; global_colors_info=&#8221;{}&#8221;] <div class=\"woocommerce columns-3 \"><ul class=\"products columns-3\">\n<li class=\"product type-product post-6225 status-publish first instock product_cat-interior product_cat-novedades-2 product_cat-sobremesa product_cat-tazas product_tag-jarron-artesanal product_tag-jarron-de-vidrio-reciclado product_tag-jarron-de-vidrio-reciclado-barcelona has-post-thumbnail shipping-taxable purchasable product-type-variable\">\n\t<a href=\"https:\/\/lucirmas.com\/producto\/cloudtaza\/\" class=\"woocommerce-LoopProduct-link woocommerce-loop-product__link\"><span class=\"et_shop_image\"><img loading=\"lazy\" decoding=\"async\" width=\"400\" height=\"400\" src=\"https:\/\/lucirmas.com\/wp-content\/uploads\/2026\/04\/IMG_3478-400x400.jpg\" class=\"attachment-woocommerce_thumbnail size-woocommerce_thumbnail\" alt=\"CLOUD&lt;br&gt;&lt;p&gt;&lt;font color=&quot;#939393&quot;&gt;Taza&lt;\/font color&gt;&lt;\/p&gt;\" srcset=\"https:\/\/lucirmas.com\/wp-content\/uploads\/2026\/04\/IMG_3478-400x400.jpg 400w, https:\/\/lucirmas.com\/wp-content\/uploads\/2026\/04\/IMG_3478-300x300.jpg 300w, https:\/\/lucirmas.com\/wp-content\/uploads\/2026\/04\/IMG_3478-1024x1024.jpg 1024w, https:\/\/lucirmas.com\/wp-content\/uploads\/2026\/04\/IMG_3478-150x150.jpg 150w, https:\/\/lucirmas.com\/wp-content\/uploads\/2026\/04\/IMG_3478-768x768.jpg 768w, https:\/\/lucirmas.com\/wp-content\/uploads\/2026\/04\/IMG_3478-1536x1536.jpg 1536w, https:\/\/lucirmas.com\/wp-content\/uploads\/2026\/04\/IMG_3478-2048x2048.jpg 2048w, https:\/\/lucirmas.com\/wp-content\/uploads\/2026\/04\/IMG_3478-1080x1080.jpg 1080w, https:\/\/lucirmas.com\/wp-content\/uploads\/2026\/04\/IMG_3478-1280x1280.jpg 1280w, https:\/\/lucirmas.com\/wp-content\/uploads\/2026\/04\/IMG_3478-980x980.jpg 980w, https:\/\/lucirmas.com\/wp-content\/uploads\/2026\/04\/IMG_3478-480x480.jpg 480w, https:\/\/lucirmas.com\/wp-content\/uploads\/2026\/04\/IMG_3478-510x510.jpg 510w, https:\/\/lucirmas.com\/wp-content\/uploads\/2026\/04\/IMG_3478-100x100.jpg 100w\" sizes=\"(max-width: 400px) 100vw, 400px\" \/><span class=\"et_overlay\"><\/span><\/span><h2 class=\"woocommerce-loop-product__title\">CLOUD<br><p><font color=\"#939393\">Taza<\/font color><\/p><\/h2>\n\t<span class=\"price\"><span class=\"woocommerce-Price-amount amount\"><bdi>35.50<span class=\"woocommerce-Price-currencySymbol\">&euro;<\/span><\/bdi><\/span><\/span>\n<\/a><\/li>\n<li class=\"product type-product post-6209 status-publish instock product_cat-interior product_cat-novedades-2 product_cat-sobremesa product_tag-jarron-artesanal product_tag-jarron-de-vidrio-reciclado product_tag-jarron-de-vidrio-reciclado-barcelona has-post-thumbnail shipping-taxable purchasable product-type-variable\">\n\t<a href=\"https:\/\/lucirmas.com\/producto\/ritmojarron-para-flores\/\" class=\"woocommerce-LoopProduct-link woocommerce-loop-product__link\"><span class=\"et_shop_image\"><img loading=\"lazy\" decoding=\"async\" width=\"400\" height=\"400\" src=\"https:\/\/lucirmas.com\/wp-content\/uploads\/2026\/02\/IMG_2314-400x400.jpg\" class=\"attachment-woocommerce_thumbnail size-woocommerce_thumbnail\" alt=\"RITMO&lt;br&gt;&lt;p&gt;&lt;font color=&quot;#939393&quot;&gt;Jarr\u00f3n para flores&lt;\/font color&gt;&lt;\/p&gt;\" \/><span class=\"et_overlay\"><\/span><\/span><h2 class=\"woocommerce-loop-product__title\">RITMO<br><p><font color=\"#939393\">Jarr\u00f3n para flores<\/font color><\/p><\/h2>\n\t<span class=\"price\"><span class=\"woocommerce-Price-amount amount\"><bdi>45.50<span class=\"woocommerce-Price-currencySymbol\">&euro;<\/span><\/bdi><\/span><\/span>\n<\/a><\/li>\n<li class=\"product type-product post-6183 status-publish last instock product_cat-novedades-2 product_cat-sobremesa product_cat-vasos has-post-thumbnail shipping-taxable purchasable product-type-variable\">\n\t<a href=\"https:\/\/lucirmas.com\/producto\/high-limejuego-de-4-o-6-vasos\/\" class=\"woocommerce-LoopProduct-link woocommerce-loop-product__link\"><span class=\"et_shop_image\"><img loading=\"lazy\" decoding=\"async\" width=\"400\" height=\"400\" src=\"https:\/\/lucirmas.com\/wp-content\/uploads\/2026\/02\/high-lime-capas-01.-wwebjpg-400x400.jpg\" class=\"attachment-woocommerce_thumbnail size-woocommerce_thumbnail\" alt=\"HIGH-LIME&lt;br&gt;&lt;p&gt;&lt;font color=&quot;#939393&quot;&gt;Juego de 4 o 6 vasos&lt;\/font color&gt;&lt;\/p&gt;\" \/><span class=\"et_overlay\"><\/span><\/span><h2 class=\"woocommerce-loop-product__title\">HIGH-LIME<br><p><font color=\"#939393\">Juego de 4 o 6 vasos<\/font color><\/p><\/h2>\n\t<span class=\"price\"><span class=\"woocommerce-Price-amount amount\" aria-hidden=\"true\"><bdi>52.00<span class=\"woocommerce-Price-currencySymbol\">&euro;<\/span><\/bdi><\/span> <span aria-hidden=\"true\">&ndash;<\/span> <span class=\"woocommerce-Price-amount amount\" aria-hidden=\"true\"><bdi>74.00<span class=\"woocommerce-Price-currencySymbol\">&euro;<\/span><\/bdi><\/span><span class=\"screen-reader-text\">Price range: 52.00&euro; through 74.00&euro;<\/span><\/span>\n<\/a><\/li>\n<\/ul>\n<\/div> [\/et_pb_text][\/et_pb_column][et_pb_column type=&#8221;1_4&#8243; _builder_version=&#8221;4.16&#8243; custom_padding=&#8221;|||&#8221; global_colors_info=&#8221;{}&#8221; custom_padding__hover=&#8221;|||&#8221;][et_pb_sidebar orientation=&#8221;right&#8221; area=&#8221;sidebar-1&#8243; admin_label=&#8221;Barra lateral&#8221; _builder_version=&#8221;4.16&#8243; global_colors_info=&#8221;{}&#8221;] [\/et_pb_sidebar][\/et_pb_column][\/et_pb_row][\/et_pb_section]<\/p>\n","protected":false},"excerpt":{"rendered":"<p>Dise\u00f1os sostenibles a medida para restaurantes y cocteler\u00edasEn Lucirm\u00e1s transformamos botellas de vidrio recicladas en piezas \u00fanicas y funcionales que dan car\u00e1cter a cualquier mesa o barra.Nuestro enfoque de upcycling artesanal combina dise\u00f1o contempor\u00e1neo, sostenibilidad y un fuerte valor narrativo, perfecto para restaurantes, bares y cocteler\u00edas que desean ofrecer una experiencia consciente, est\u00e9tica y diferenciadora. [&hellip;]<\/p>\n","protected":false},"author":3,"featured_media":0,"parent":0,"menu_order":0,"comment_status":"open","ping_status":"closed","template":"","meta":{"_et_pb_use_builder":"on","_et_pb_old_content":"","_et_gb_content_width":"","footnotes":""},"class_list":["post-1060","page","type-page","status-publish","hentry"],"yoast_head":"<!-- This site is optimized with the Yoast SEO plugin v27.5 - https:\/\/yoast.com\/product\/yoast-seo-wordpress\/ -->\n<title>Lucirmas \/ servicios de co-dise\u00f1o en barcelona<\/title>\n<meta name=\"description\" content=\"El dise\u00f1o y la tecnolog\u00eda de producci\u00f3n de Lucirm\u00e1s co-dise\u00f1o en barcelona, permiten un sin fin de objetos decorativos, capaces de casarse con libertad...\" \/>\n<meta name=\"robots\" content=\"index, follow, max-snippet:-1, max-image-preview:large, max-video-preview:-1\" \/>\n<link rel=\"canonical\" href=\"https:\/\/lucirmas.com\/en\/hosteleria\/\" \/>\n<meta property=\"og:locale\" content=\"en_US\" \/>\n<meta property=\"og:type\" content=\"article\" \/>\n<meta property=\"og:title\" content=\"Lucirmas \/ servicios de co-dise\u00f1o en barcelona\" \/>\n<meta property=\"og:description\" content=\"El dise\u00f1o y la tecnolog\u00eda de producci\u00f3n de Lucirm\u00e1s co-dise\u00f1o en barcelona, permiten un sin fin de objetos decorativos, capaces de casarse con libertad...\" \/>\n<meta property=\"og:url\" content=\"https:\/\/lucirmas.com\/en\/hosteleria\/\" \/>\n<meta property=\"og:site_name\" content=\"Lucirmas - Upcycling Vidrio reciclado\" \/>\n<meta property=\"article:modified_time\" content=\"2025-05-22T10:18:57+00:00\" \/>\n<meta name=\"twitter:label1\" content=\"Est. reading time\" \/>\n\t<meta name=\"twitter:data1\" content=\"4 minutes\" \/>\n<script type=\"application\/ld+json\" class=\"yoast-schema-graph\">{\"@context\":\"https:\\\/\\\/schema.org\",\"@graph\":[{\"@type\":\"WebPage\",\"@id\":\"https:\\\/\\\/lucirmas.com\\\/en\\\/hosteleria\\\/\",\"url\":\"https:\\\/\\\/lucirmas.com\\\/en\\\/hosteleria\\\/\",\"name\":\"Lucirmas \\\/ servicios de co-dise\u00f1o en barcelona\",\"isPartOf\":{\"@id\":\"https:\\\/\\\/lucirmas.com\\\/#website\"},\"datePublished\":\"2014-11-18T13:55:44+00:00\",\"dateModified\":\"2025-05-22T10:18:57+00:00\",\"description\":\"El dise\u00f1o y la tecnolog\u00eda de producci\u00f3n de Lucirm\u00e1s co-dise\u00f1o en barcelona, permiten un sin fin de objetos decorativos, capaces de casarse con libertad...\",\"breadcrumb\":{\"@id\":\"https:\\\/\\\/lucirmas.com\\\/en\\\/hosteleria\\\/#breadcrumb\"},\"inLanguage\":\"en-US\",\"potentialAction\":[{\"@type\":\"ReadAction\",\"target\":[\"https:\\\/\\\/lucirmas.com\\\/en\\\/hosteleria\\\/\"]}]},{\"@type\":\"BreadcrumbList\",\"@id\":\"https:\\\/\\\/lucirmas.com\\\/en\\\/hosteleria\\\/#breadcrumb\",\"itemListElement\":[{\"@type\":\"ListItem\",\"position\":1,\"name\":\"Portada\",\"item\":\"https:\\\/\\\/lucirmas.com\\\/en\\\/\"},{\"@type\":\"ListItem\",\"position\":2,\"name\":\"Hosteler\u00eda\"}]},{\"@type\":\"WebSite\",\"@id\":\"https:\\\/\\\/lucirmas.com\\\/#website\",\"url\":\"https:\\\/\\\/lucirmas.com\\\/\",\"name\":\"Lucirmas - Upcycling Vidrio reciclado\",\"description\":\"Artesan\u00eda con botellas de vidrio en Barcelona\",\"potentialAction\":[{\"@type\":\"SearchAction\",\"target\":{\"@type\":\"EntryPoint\",\"urlTemplate\":\"https:\\\/\\\/lucirmas.com\\\/?s={search_term_string}\"},\"query-input\":{\"@type\":\"PropertyValueSpecification\",\"valueRequired\":true,\"valueName\":\"search_term_string\"}}],\"inLanguage\":\"en-US\"}]}<\/script>\n<!-- \/ Yoast SEO plugin. -->","yoast_head_json":{"title":"Lucirmas \/ servicios de co-dise\u00f1o en barcelona","description":"El dise\u00f1o y la tecnolog\u00eda de producci\u00f3n de Lucirm\u00e1s co-dise\u00f1o en barcelona, permiten un sin fin de objetos decorativos, capaces de casarse con libertad...","robots":{"index":"index","follow":"follow","max-snippet":"max-snippet:-1","max-image-preview":"max-image-preview:large","max-video-preview":"max-video-preview:-1"},"canonical":"https:\/\/lucirmas.com\/en\/hosteleria\/","og_locale":"en_US","og_type":"article","og_title":"Lucirmas \/ servicios de co-dise\u00f1o en barcelona","og_description":"El dise\u00f1o y la tecnolog\u00eda de producci\u00f3n de Lucirm\u00e1s co-dise\u00f1o en barcelona, permiten un sin fin de objetos decorativos, capaces de casarse con libertad...","og_url":"https:\/\/lucirmas.com\/en\/hosteleria\/","og_site_name":"Lucirmas - Upcycling Vidrio reciclado","article_modified_time":"2025-05-22T10:18:57+00:00","twitter_misc":{"Est. reading time":"4 minutes"},"schema":{"@context":"https:\/\/schema.org","@graph":[{"@type":"WebPage","@id":"https:\/\/lucirmas.com\/en\/hosteleria\/","url":"https:\/\/lucirmas.com\/en\/hosteleria\/","name":"Lucirmas \/ servicios de co-dise\u00f1o en barcelona","isPartOf":{"@id":"https:\/\/lucirmas.com\/#website"},"datePublished":"2014-11-18T13:55:44+00:00","dateModified":"2025-05-22T10:18:57+00:00","description":"El dise\u00f1o y la tecnolog\u00eda de producci\u00f3n de Lucirm\u00e1s co-dise\u00f1o en barcelona, permiten un sin fin de objetos decorativos, capaces de casarse con libertad...","breadcrumb":{"@id":"https:\/\/lucirmas.com\/en\/hosteleria\/#breadcrumb"},"inLanguage":"en-US","potentialAction":[{"@type":"ReadAction","target":["https:\/\/lucirmas.com\/en\/hosteleria\/"]}]},{"@type":"BreadcrumbList","@id":"https:\/\/lucirmas.com\/en\/hosteleria\/#breadcrumb","itemListElement":[{"@type":"ListItem","position":1,"name":"Portada","item":"https:\/\/lucirmas.com\/en\/"},{"@type":"ListItem","position":2,"name":"Hosteler\u00eda"}]},{"@type":"WebSite","@id":"https:\/\/lucirmas.com\/#website","url":"https:\/\/lucirmas.com\/","name":"Lucirmas - Upcycling Vidrio reciclado","description":"Artesan\u00eda con botellas de vidrio en Barcelona","potentialAction":[{"@type":"SearchAction","target":{"@type":"EntryPoint","urlTemplate":"https:\/\/lucirmas.com\/?s={search_term_string}"},"query-input":{"@type":"PropertyValueSpecification","valueRequired":true,"valueName":"search_term_string"}}],"inLanguage":"en-US"}]}},"_links":{"self":[{"href":"https:\/\/lucirmas.com\/en\/wp-json\/wp\/v2\/pages\/1060","targetHints":{"allow":["GET"]}}],"collection":[{"href":"https:\/\/lucirmas.com\/en\/wp-json\/wp\/v2\/pages"}],"about":[{"href":"https:\/\/lucirmas.com\/en\/wp-json\/wp\/v2\/types\/page"}],"author":[{"embeddable":true,"href":"https:\/\/lucirmas.com\/en\/wp-json\/wp\/v2\/users\/3"}],"replies":[{"embeddable":true,"href":"https:\/\/lucirmas.com\/en\/wp-json\/wp\/v2\/comments?post=1060"}],"version-history":[{"count":11,"href":"https:\/\/lucirmas.com\/en\/wp-json\/wp\/v2\/pages\/1060\/revisions"}],"predecessor-version":[{"id":6130,"href":"https:\/\/lucirmas.com\/en\/wp-json\/wp\/v2\/pages\/1060\/revisions\/6130"}],"wp:attachment":[{"href":"https:\/\/lucirmas.com\/en\/wp-json\/wp\/v2\/media?parent=1060"}],"curies":[{"name":"wp","href":"https:\/\/api.w.org\/{rel}","templated":true}]}}