{"id":1057,"date":"2014-11-18T13:56:24","date_gmt":"2014-11-18T13:56:24","guid":{"rendered":"https:\/\/lucirmas.com\/tiendas-2\/"},"modified":"2020-10-16T14:08:07","modified_gmt":"2020-10-16T14:08:07","slug":"tiendas","status":"publish","type":"page","link":"https:\/\/lucirmas.com\/en\/tiendas\/","title":{"rendered":"Stores"},"content":{"rendered":"<p>[et_pb_section fb_built=&#8221;1&#8243; fullwidth=&#8221;on&#8221; admin_label=&#8221;Secci\u00f3n&#8221; _builder_version=&#8221;3.22&#8243;][et_pb_fullwidth_image src=&#8221;https:\/\/lucirmas.com\/wp-content\/uploads\/2014\/11\/slide-2017-puntos-de-venta.jpg&#8221; admin_label=&#8221;Imagen de anchura completa&#8221; _builder_version=&#8221;3.0.87&#8243; animation_style=&#8221;fade&#8221; animation_duration=&#8221;500ms&#8221; animation=&#8221;fade_in&#8221; use_border_color=&#8221;off&#8221; border_color=&#8221;#ffffff&#8221; border_style=&#8221;solid&#8221;][\/et_pb_fullwidth_image][\/et_pb_section][et_pb_section fb_built=&#8221;1&#8243; admin_label=&#8221;section&#8221; _builder_version=&#8221;3.22&#8243; background_color=&#8221;rgba(255,255,255,0)&#8221; transparent_background=&#8221;on&#8221; make_fullwidth=&#8221;off&#8221; use_custom_width=&#8221;off&#8221; width_unit=&#8221;on&#8221;][et_pb_row column_structure=&#8221;3_4,1_4&#8243; admin_label=&#8221;row&#8221; _builder_version=&#8221;3.25&#8243; background_size=&#8221;initial&#8221; background_position=&#8221;top_left&#8221; background_repeat=&#8221;repeat&#8221;][et_pb_column type=&#8221;3_4&#8243; _builder_version=&#8221;3.25&#8243; custom_padding=&#8221;|||&#8221; custom_padding__hover=&#8221;|||&#8221;][et_pb_text admin_label=&#8221;Texto&#8221; _builder_version=&#8221;4.0.6&#8243; background_size=&#8221;initial&#8221; background_position=&#8221;top_left&#8221; background_repeat=&#8221;repeat&#8221; use_border_color=&#8221;off&#8221; border_color=&#8221;#ffffff&#8221; border_style=&#8221;solid&#8221;] <div id=\"wpgmza_map\" class=\"wpgmza_map\" data-settings='{\"id\":\"1\",\"map_title\":\"Tiendas\",\"map_width\":\"100\",\"map_height\":\"450\",\"map_start_lat\":\"46.792027\",\"map_start_lng\":\"6.653640\",\"map_start_location\":\"46.79202660827341,6.65363968749999\",\"map_start_zoom\":\"5\",\"default_marker\":\"0\",\"type\":\"1\",\"alignment\":\"1\",\"directions_enabled\":\"1\",\"styling_enabled\":\"0\",\"styling_json\":\"\",\"active\":\"0\",\"kml\":\"\",\"bicycle\":\"0\",\"traffic\":\"0\",\"dbox\":\"1\",\"dbox_width\":\"250\",\"listmarkers\":\"0\",\"listmarkers_advanced\":\"0\",\"filterbycat\":\"0\",\"ugm_enabled\":\"0\",\"ugm_category_enabled\":\"0\",\"fusion\":\"\",\"map_width_type\":\"\\\\%\",\"map_height_type\":\"px\",\"mass_marker_support\":\"1\",\"ugm_access\":\"0\",\"order_markers_by\":\"1\",\"order_markers_choice\":\"2\",\"show_user_location\":\"0\",\"default_to\":\"\",\"other_settings\":{\"store_locator_enabled\":2,\"store_locator_distance\":2,\"store_locator_bounce\":2,\"store_locator_query_string\":\"\",\"weather_layer\":2,\"weather_layer_temp_type\":2,\"cloud_layer\":2,\"transport_layer\":0}}' data-map-id='1' Data-maps-engine='' data-shortcode-attributes='{\"id\":\"1\"}' style=\"display:block; overflow:auto; width:100%; height:450px; float:left;\"><\/div><\/p>\n<p>&nbsp;<br \/>\n[\/et_pb_text][et_pb_divider show_divider=&#8221;off&#8221; admin_label=&#8221;Separador50&#8243; _builder_version=&#8221;4.0.6&#8243; height=&#8221;2px&#8221; max_height=&#8221;100px&#8221; hide_on_mobile=&#8221;off&#8221; saved_tabs=&#8221;all&#8221;]&nbsp;<br \/>\n[\/et_pb_divider][et_pb_text admin_label=&#8221;List of physical stores&#8221; _builder_version=&#8221;4.0.6&#8243; background_size=&#8221;initial&#8221; background_position=&#8221;top_left&#8221; background_repeat=&#8221;repeat&#8221; use_border_color=&#8221;off&#8221; border_color=&#8221;#ffffff&#8221; border_style=&#8221;solid&#8221; saved_tabs=&#8221;all&#8221;]<\/p>\n<h1>Listado de tiendas f\u00edsicas<\/h1>\n<p>[\/et_pb_text][et_pb_text admin_label=&#8221;Texto&#8221; _builder_version=&#8221;4.0.6&#8243; background_size=&#8221;initial&#8221; background_position=&#8221;top_left&#8221; background_repeat=&#8221;repeat&#8221; use_border_color=&#8221;off&#8221; border_color=&#8221;#ffffff&#8221; border_style=&#8221;solid&#8221;]<\/p>\n<h3>ORIGENS<\/h3>\n<p>c\/ Sant Felip Neri 1, 08002 Barcelona, Spain<\/p>\n<p>[\/et_pb_text][et_pb_text admin_label=&#8221;Texto&#8221; _builder_version=&#8221;3.27.4&#8243; background_size=&#8221;initial&#8221; background_position=&#8221;top_left&#8221; background_repeat=&#8221;repeat&#8221; use_border_color=&#8221;off&#8221; border_color=&#8221;#ffffff&#8221; border_style=&#8221;solid&#8221;]<\/p>\n<h3><a href=\"http:\/\/www.materiaterricola.com\/\" target=\"_blank\" rel=\"noopener noreferrer\">MATERIA TERRICOLA<\/a><\/h3>\n<p>Pza\/ Joanic 7\u00a0 B-B, 08024, Barcelona, Spain<br \/>\nT\u00a0 +34 93 1410042<br \/>\n[\/et_pb_text][et_pb_text admin_label=&#8221;Texto&#8221; _builder_version=&#8221;3.27.4&#8243; background_size=&#8221;initial&#8221; background_position=&#8221;top_left&#8221; background_repeat=&#8221;repeat&#8221; use_border_color=&#8221;off&#8221; border_color=&#8221;#ffffff&#8221; border_style=&#8221;solid&#8221;]<\/p>\n<h3><a href=\"http:\/\/www.mure.ws\" target=\"_blank\" rel=\"noopener noreferrer\">MURE<\/a><\/h3>\n<p>c\/ Santa Caterina 41 \u00a0B-B, 08700, Igualada,\u00a0 Spain<br \/>\nT \u00a0+34 93 116 14 08<br \/>\n[\/et_pb_text][et_pb_text admin_label=&#8221;Texto&#8221; _builder_version=&#8221;3.27.4&#8243; background_size=&#8221;initial&#8221; background_position=&#8221;top_left&#8221; background_repeat=&#8221;repeat&#8221; use_border_color=&#8221;off&#8221; border_color=&#8221;#ffffff&#8221; border_style=&#8221;solid&#8221;]<\/p>\n<h3><a href=\"www.studiotique.de\" target=\"_blank\" rel=\"noopener noreferrer\">STUDIOTIQUE<\/a><\/h3>\n<p>Schlosserstra\u00dfe 17a\u2028 \u00a070180 Stuttgart, Germany<br \/>\nT \u00a0+49 (0) 711 59600620<br \/>\n[\/et_pb_text][et_pb_text admin_label=&#8221;Texto&#8221; _builder_version=&#8221;3.27.4&#8243; background_size=&#8221;initial&#8221; background_position=&#8221;top_left&#8221; background_repeat=&#8221;repeat&#8221; use_border_color=&#8221;off&#8221; border_color=&#8221;#ffffff&#8221; border_style=&#8221;solid&#8221;]<\/p>\n<h3><a href=\"www.lacachettedalibabette.fr\" target=\"_blank\" rel=\"noopener noreferrer\">La Cachette d&#8217;Alibabette<\/a><\/h3>\n<p>37 rue de Gigant\u202844100 Nantes, France<br \/>\nT \u00a0+33 02.40.73.50.05<br \/>\n[\/et_pb_text][et_pb_text admin_label=&#8221;Texto&#8221; _builder_version=&#8221;4.0.6&#8243; background_size=&#8221;initial&#8221; background_position=&#8221;top_left&#8221; background_repeat=&#8221;repeat&#8221; use_border_color=&#8221;off&#8221; border_color=&#8221;#ffffff&#8221; border_style=&#8221;solid&#8221;]<\/p>\n<h3>B de BARCELONA<\/h3>\n<p>c\/ Cotoners, 8 bis, 08003, Barcelona, Spain<br \/>T +34 93 2681891<\/p>\n<p>[\/et_pb_text][et_pb_text admin_label=&#8221;Texto&#8221; _builder_version=&#8221;3.27.4&#8243; background_size=&#8221;initial&#8221; background_position=&#8221;top_left&#8221; background_repeat=&#8221;repeat&#8221; use_border_color=&#8221;off&#8221; border_color=&#8221;#ffffff&#8221; border_style=&#8221;solid&#8221;]<\/p>\n<h3><a href=\"http:\/\/www.vida-design.be\/\" target=\"_blank\" rel=\"noopener noreferrer\">VIDA DESIGN<\/a><\/h3>\n<p>De Munt 2\u20288800 Roeselare\u2028, Belgium<br \/>\nT \u00a0+32 51 80 11 91 \/\/ \u00a0+ 32 495 52 02 53<br \/>\n[\/et_pb_text][et_pb_text admin_label=&#8221;Texto&#8221; _builder_version=&#8221;3.27.4&#8243; background_size=&#8221;initial&#8221; background_position=&#8221;top_left&#8221; background_repeat=&#8221;repeat&#8221; use_border_color=&#8221;off&#8221; border_color=&#8221;#ffffff&#8221; border_style=&#8221;solid&#8221;]<\/p>\n<h3><a href=\"http:\/\/www.kreiszuquadrat.de\/\" target=\"_blank\" rel=\"noopener noreferrer\">KREIS ZU QUADRAT<\/a><\/h3>\n<p>Hermesweg 13 \u00a060316 Frankfurt, Germany<br \/>\nT \u00a0+49 (0)69 20018158<br \/>\n[\/et_pb_text][et_pb_text admin_label=&#8221;Texto&#8221; _builder_version=&#8221;3.27.4&#8243; background_size=&#8221;initial&#8221; background_position=&#8221;top_left&#8221; background_repeat=&#8221;repeat&#8221; use_border_color=&#8221;off&#8221; border_color=&#8221;#ffffff&#8221; border_style=&#8221;solid&#8221;]<\/p>\n<h3><a href=\"http:\/\/www.studioseienonsolo.it\" target=\"_blank\" rel=\"noopener noreferrer\">STUDIO SEI<\/a><\/h3>\n<p>Via Spronello 2\/A , Ferrara (FE), ITALY<br \/>\nT \u00a00532 765749<br \/>\n[\/et_pb_text][\/et_pb_column][et_pb_column type=&#8221;1_4&#8243; _builder_version=&#8221;3.25&#8243; custom_padding=&#8221;|||&#8221; custom_padding__hover=&#8221;|||&#8221;][et_pb_sidebar orientation=&#8221;right&#8221; area=&#8221;sidebar-1&#8243; admin_label=&#8221;Barra lateral&#8221; _builder_version=&#8221;3.0.74&#8243; remove_border=&#8221;off&#8221;][\/et_pb_sidebar][\/et_pb_column][\/et_pb_row][\/et_pb_section]<\/p>\n","protected":false},"excerpt":{"rendered":"<p><div id=\"wpgmza_map\" class=\"wpgmza_map\" data-settings='{\"id\":\"1\",\"map_title\":\"Tiendas\",\"map_width\":\"100\",\"map_height\":\"450\",\"map_start_lat\":\"46.792027\",\"map_start_lng\":\"6.653640\",\"map_start_location\":\"46.79202660827341,6.65363968749999\",\"map_start_zoom\":\"5\",\"default_marker\":\"0\",\"type\":\"1\",\"alignment\":\"1\",\"directions_enabled\":\"1\",\"styling_enabled\":\"0\",\"styling_json\":\"\",\"active\":\"0\",\"kml\":\"\",\"bicycle\":\"0\",\"traffic\":\"0\",\"dbox\":\"1\",\"dbox_width\":\"250\",\"listmarkers\":\"0\",\"listmarkers_advanced\":\"0\",\"filterbycat\":\"0\",\"ugm_enabled\":\"0\",\"ugm_category_enabled\":\"0\",\"fusion\":\"\",\"map_width_type\":\"\\\\%\",\"map_height_type\":\"px\",\"mass_marker_support\":\"1\",\"ugm_access\":\"0\",\"order_markers_by\":\"1\",\"order_markers_choice\":\"2\",\"show_user_location\":\"0\",\"default_to\":\"\",\"other_settings\":{\"store_locator_enabled\":2,\"store_locator_distance\":2,\"store_locator_bounce\":2,\"store_locator_query_string\":\"\",\"weather_layer\":2,\"weather_layer_temp_type\":2,\"cloud_layer\":2,\"transport_layer\":0}}' data-map-id='1' Data-maps-engine='' data-shortcode-attributes='{\"id\":\"1\"}' style=\"display:block; overflow:auto; width:100%; height:450px; float:left;\"><\/div> &nbsp; &nbsp; Listado de tiendas f\u00edsicas ORIGENS c\/ Sant Felip Neri 1, 08002 Barcelona, SpainMATERIA TERRICOLA Pza\/ Joanic 7\u00a0 B-B, 08024, Barcelona, Spain T\u00a0 +34 93 1410042 MURE c\/ Santa Caterina 41 \u00a0B-B, 08700, Igualada,\u00a0 Spain T \u00a0+34 93 116 14 08 STUDIOTIQUE Schlosserstra\u00dfe 17a\u2028 \u00a070180 Stuttgart, Germany T \u00a0+49 (0) 711 59600620 [&hellip;]<\/p>\n","protected":false},"author":3,"featured_media":0,"parent":0,"menu_order":0,"comment_status":"open","ping_status":"open","template":"","meta":{"_et_pb_use_builder":"on","_et_pb_old_content":"","_et_gb_content_width":"","footnotes":""},"class_list":["post-1057","page","type-page","status-publish","hentry"],"yoast_head":"<!-- This site is optimized with the Yoast SEO plugin v26.3 - https:\/\/yoast.com\/wordpress\/plugins\/seo\/ -->\n<title>Donde comprar productos Lucirm\u00e1s<\/title>\n<meta name=\"description\" content=\"Adem\u00e1s de la tienda online de Lucirm\u00e1s tambi\u00e9n puedes comprar nuestros productos en este listado de tiendas f\u00edsicas que te ofrecemos\" \/>\n<meta name=\"robots\" content=\"index, follow, max-snippet:-1, max-image-preview:large, max-video-preview:-1\" \/>\n<link rel=\"canonical\" href=\"https:\/\/lucirmas.com\/en\/tiendas\/\" \/>\n<meta property=\"og:locale\" content=\"en_US\" \/>\n<meta property=\"og:type\" content=\"article\" \/>\n<meta property=\"og:title\" content=\"Donde comprar productos Lucirm\u00e1s\" \/>\n<meta property=\"og:description\" content=\"Adem\u00e1s de la tienda online de Lucirm\u00e1s tambi\u00e9n puedes comprar nuestros productos en este listado de tiendas f\u00edsicas que te ofrecemos\" \/>\n<meta property=\"og:url\" content=\"https:\/\/lucirmas.com\/en\/tiendas\/\" \/>\n<meta property=\"og:site_name\" content=\"Lucirmas - Upcycling Vidrio reciclado\" \/>\n<meta property=\"article:modified_time\" content=\"2020-10-16T14:08:07+00:00\" \/>\n<meta name=\"twitter:label1\" content=\"Est. reading time\" \/>\n\t<meta name=\"twitter:data1\" content=\"3 minutes\" \/>\n<script type=\"application\/ld+json\" class=\"yoast-schema-graph\">{\"@context\":\"https:\/\/schema.org\",\"@graph\":[{\"@type\":\"WebPage\",\"@id\":\"https:\/\/lucirmas.com\/en\/tiendas\/\",\"url\":\"https:\/\/lucirmas.com\/en\/tiendas\/\",\"name\":\"Donde comprar productos Lucirm\u00e1s\",\"isPartOf\":{\"@id\":\"https:\/\/lucirmas.com\/#website\"},\"datePublished\":\"2014-11-18T13:56:24+00:00\",\"dateModified\":\"2020-10-16T14:08:07+00:00\",\"description\":\"Adem\u00e1s de la tienda online de Lucirm\u00e1s tambi\u00e9n puedes comprar nuestros productos en este listado de tiendas f\u00edsicas que te ofrecemos\",\"breadcrumb\":{\"@id\":\"https:\/\/lucirmas.com\/en\/tiendas\/#breadcrumb\"},\"inLanguage\":\"en-US\",\"potentialAction\":[{\"@type\":\"ReadAction\",\"target\":[\"https:\/\/lucirmas.com\/en\/tiendas\/\"]}]},{\"@type\":\"BreadcrumbList\",\"@id\":\"https:\/\/lucirmas.com\/en\/tiendas\/#breadcrumb\",\"itemListElement\":[{\"@type\":\"ListItem\",\"position\":1,\"name\":\"Portada\",\"item\":\"https:\/\/lucirmas.com\/en\/\"},{\"@type\":\"ListItem\",\"position\":2,\"name\":\"Stores\"}]},{\"@type\":\"WebSite\",\"@id\":\"https:\/\/lucirmas.com\/#website\",\"url\":\"https:\/\/lucirmas.com\/\",\"name\":\"Lucirmas - Upcycling Vidrio reciclado\",\"description\":\"Artesan\u00eda con botellas de vidrio en Barcelona\",\"potentialAction\":[{\"@type\":\"SearchAction\",\"target\":{\"@type\":\"EntryPoint\",\"urlTemplate\":\"https:\/\/lucirmas.com\/?s={search_term_string}\"},\"query-input\":{\"@type\":\"PropertyValueSpecification\",\"valueRequired\":true,\"valueName\":\"search_term_string\"}}],\"inLanguage\":\"en-US\"}]}<\/script>\n<!-- \/ Yoast SEO plugin. -->","yoast_head_json":{"title":"Donde comprar productos Lucirm\u00e1s","description":"Adem\u00e1s de la tienda online de Lucirm\u00e1s tambi\u00e9n puedes comprar nuestros productos en este listado de tiendas f\u00edsicas que te ofrecemos","robots":{"index":"index","follow":"follow","max-snippet":"max-snippet:-1","max-image-preview":"max-image-preview:large","max-video-preview":"max-video-preview:-1"},"canonical":"https:\/\/lucirmas.com\/en\/tiendas\/","og_locale":"en_US","og_type":"article","og_title":"Donde comprar productos Lucirm\u00e1s","og_description":"Adem\u00e1s de la tienda online de Lucirm\u00e1s tambi\u00e9n puedes comprar nuestros productos en este listado de tiendas f\u00edsicas que te ofrecemos","og_url":"https:\/\/lucirmas.com\/en\/tiendas\/","og_site_name":"Lucirmas - Upcycling Vidrio reciclado","article_modified_time":"2020-10-16T14:08:07+00:00","twitter_misc":{"Est. reading time":"3 minutes"},"schema":{"@context":"https:\/\/schema.org","@graph":[{"@type":"WebPage","@id":"https:\/\/lucirmas.com\/en\/tiendas\/","url":"https:\/\/lucirmas.com\/en\/tiendas\/","name":"Donde comprar productos Lucirm\u00e1s","isPartOf":{"@id":"https:\/\/lucirmas.com\/#website"},"datePublished":"2014-11-18T13:56:24+00:00","dateModified":"2020-10-16T14:08:07+00:00","description":"Adem\u00e1s de la tienda online de Lucirm\u00e1s tambi\u00e9n puedes comprar nuestros productos en este listado de tiendas f\u00edsicas que te ofrecemos","breadcrumb":{"@id":"https:\/\/lucirmas.com\/en\/tiendas\/#breadcrumb"},"inLanguage":"en-US","potentialAction":[{"@type":"ReadAction","target":["https:\/\/lucirmas.com\/en\/tiendas\/"]}]},{"@type":"BreadcrumbList","@id":"https:\/\/lucirmas.com\/en\/tiendas\/#breadcrumb","itemListElement":[{"@type":"ListItem","position":1,"name":"Portada","item":"https:\/\/lucirmas.com\/en\/"},{"@type":"ListItem","position":2,"name":"Stores"}]},{"@type":"WebSite","@id":"https:\/\/lucirmas.com\/#website","url":"https:\/\/lucirmas.com\/","name":"Lucirmas - Upcycling Vidrio reciclado","description":"Artesan\u00eda con botellas de vidrio en Barcelona","potentialAction":[{"@type":"SearchAction","target":{"@type":"EntryPoint","urlTemplate":"https:\/\/lucirmas.com\/?s={search_term_string}"},"query-input":{"@type":"PropertyValueSpecification","valueRequired":true,"valueName":"search_term_string"}}],"inLanguage":"en-US"}]}},"_links":{"self":[{"href":"https:\/\/lucirmas.com\/en\/wp-json\/wp\/v2\/pages\/1057","targetHints":{"allow":["GET"]}}],"collection":[{"href":"https:\/\/lucirmas.com\/en\/wp-json\/wp\/v2\/pages"}],"about":[{"href":"https:\/\/lucirmas.com\/en\/wp-json\/wp\/v2\/types\/page"}],"author":[{"embeddable":true,"href":"https:\/\/lucirmas.com\/en\/wp-json\/wp\/v2\/users\/3"}],"replies":[{"embeddable":true,"href":"https:\/\/lucirmas.com\/en\/wp-json\/wp\/v2\/comments?post=1057"}],"version-history":[{"count":13,"href":"https:\/\/lucirmas.com\/en\/wp-json\/wp\/v2\/pages\/1057\/revisions"}],"predecessor-version":[{"id":5139,"href":"https:\/\/lucirmas.com\/en\/wp-json\/wp\/v2\/pages\/1057\/revisions\/5139"}],"wp:attachment":[{"href":"https:\/\/lucirmas.com\/en\/wp-json\/wp\/v2\/media?parent=1057"}],"curies":[{"name":"wp","href":"https:\/\/api.w.org\/{rel}","templated":true}]}}