{"id":1049,"date":"2014-11-18T13:57:10","date_gmt":"2014-11-18T13:57:10","guid":{"rendered":"https:\/\/lucirmas.com\/blog-2\/"},"modified":"2024-07-19T07:41:21","modified_gmt":"2024-07-19T07:41:21","slug":"blog-de-lucirmas","status":"publish","type":"page","link":"https:\/\/lucirmas.com\/en\/blog-de-lucirmas\/","title":{"rendered":"Blog"},"content":{"rendered":"<p>[et_pb_section fb_built=&#8221;1&#8243; fullwidth=&#8221;on&#8221; admin_label=&#8221;Secci\u00f3n&#8221; _builder_version=&#8221;4.16&#8243; background_color=&#8221;rgba(255,255,255,0)&#8221; transparent_background=&#8221;on&#8221; make_fullwidth=&#8221;off&#8221; use_custom_width=&#8221;off&#8221; width_unit=&#8221;on&#8221; global_colors_info=&#8221;{}&#8221;][et_pb_fullwidth_image src=&#8221;https:\/\/lucirmas.com\/wp-content\/uploads\/2024\/07\/Lucirmas-9987.jpeg&#8221; title_text=&#8221;Lucirmas-9987&#8243; admin_label=&#8221;Imagen de anchura completa&#8221; _builder_version=&#8221;4.22.1&#8243; animation_style=&#8221;fade&#8221; animation_duration=&#8221;500ms&#8221; animation=&#8221;fade_in&#8221; use_border_color=&#8221;off&#8221; border_color=&#8221;#ffffff&#8221; border_style=&#8221;solid&#8221; global_colors_info=&#8221;{}&#8221;][\/et_pb_fullwidth_image][\/et_pb_section][et_pb_section fb_built=&#8221;1&#8243; admin_label=&#8221;section&#8221; _builder_version=&#8221;4.16&#8243; background_color=&#8221;rgba(255,255,255,0)&#8221; transparent_background=&#8221;on&#8221; make_fullwidth=&#8221;off&#8221; use_custom_width=&#8221;off&#8221; width_unit=&#8221;on&#8221; global_colors_info=&#8221;{}&#8221;][et_pb_row admin_label=&#8221;row&#8221; _builder_version=&#8221;4.16&#8243; background_size=&#8221;initial&#8221; background_position=&#8221;top_left&#8221; background_repeat=&#8221;repeat&#8221; global_colors_info=&#8221;{}&#8221;][et_pb_column type=&#8221;4_4&#8243; _builder_version=&#8221;4.16&#8243; custom_padding=&#8221;|||&#8221; global_colors_info=&#8221;{}&#8221; custom_padding__hover=&#8221;|||&#8221;][et_pb_blog fullwidth=&#8221;off&#8221; posts_number=&#8221;9&#8243; show_more=&#8221;on&#8221; show_author=&#8221;off&#8221; disabled_on=&#8221;off|off|off&#8221; admin_label=&#8221;Blog&#8221; _builder_version=&#8221;4.22.1&#8243; hover_enabled=&#8221;0&#8243; use_border_color=&#8221;off&#8221; border_color=&#8221;#ffffff&#8221; border_style=&#8221;solid&#8221; use_dropshadow=&#8221;off&#8221; global_colors_info=&#8221;{}&#8221; sticky_enabled=&#8221;0&#8243;][\/et_pb_blog][\/et_pb_column][\/et_pb_row][\/et_pb_section]<\/p>\n","protected":false},"excerpt":{"rendered":"","protected":false},"author":3,"featured_media":1736,"parent":0,"menu_order":0,"comment_status":"open","ping_status":"closed","template":"","meta":{"_et_pb_use_builder":"on","_et_pb_old_content":"<p>[et_pb_section admin_label=\"Secci\u00f3n\" fullwidth=\"on\" specialty=\"off\" transparent_background=\"on\" allow_player_pause=\"off\" inner_shadow=\"off\" parallax=\"off\" parallax_method=\"off\" make_fullwidth=\"off\" use_custom_width=\"off\" width_unit=\"on\" make_equal=\"off\" use_custom_gutter=\"off\"][et_pb_fullwidth_image admin_label=\"Imagen de anchura completa\" src=\"https:\/\/lucirmas.com\/wp-content\/uploads\/2015\/02\/blog-lucirmas-vidrio-reciclado-barcelona.jpg\" show_in_lightbox=\"off\" url_new_window=\"off\" use_overlay=\"off\" animation=\"fade_in\" use_border_color=\"off\" border_color=\"#ffffff\" border_style=\"solid\"]<\/p><p>[\/et_pb_fullwidth_image][\/et_pb_section][et_pb_section admin_label=\"section\" transparent_background=\"on\" allow_player_pause=\"off\" inner_shadow=\"off\" parallax=\"off\" parallax_method=\"off\" make_fullwidth=\"off\" use_custom_width=\"off\" width_unit=\"on\" make_equal=\"off\" use_custom_gutter=\"off\"][et_pb_row admin_label=\"row\"][et_pb_column type=\"4_4\"][et_pb_blog admin_label=\"Blog\" fullwidth=\"off\" show_thumbnail=\"on\" show_content=\"off\" show_more=\"on\" show_author=\"off\" show_date=\"on\" show_categories=\"on\" show_comments=\"off\" show_pagination=\"on\" offset_number=\"0\" use_overlay=\"off\" background_layout=\"light\" use_dropshadow=\"off\" use_border_color=\"off\" border_color=\"#ffffff\" border_style=\"solid\" posts_number=\"9\"]<\/p><p>[\/et_pb_blog][\/et_pb_column][\/et_pb_row][\/et_pb_section]<\/p>","_et_gb_content_width":"","footnotes":""},"class_list":["post-1049","page","type-page","status-publish","has-post-thumbnail","hentry"],"yoast_head":"<!-- This site is optimized with the Yoast SEO plugin v26.3 - https:\/\/yoast.com\/wordpress\/plugins\/seo\/ -->\n<title>Blog - Lucirmas - Upcycling Vidrio reciclado<\/title>\n<meta name=\"description\" content=\"Este es el blog de Lucirm\u00e1s, donde podr\u00e1s encontrar consejos sobre upcycling, t\u00e9cnicas de artesan\u00eda en vidrio \u00a1y mucho m\u00e1s!\" \/>\n<meta name=\"robots\" content=\"index, follow, max-snippet:-1, max-image-preview:large, max-video-preview:-1\" \/>\n<link rel=\"canonical\" href=\"https:\/\/lucirmas.com\/en\/blog-de-lucirmas\/\" \/>\n<meta property=\"og:locale\" content=\"en_US\" \/>\n<meta property=\"og:type\" content=\"article\" \/>\n<meta property=\"og:title\" content=\"Blog - Lucirmas - Upcycling Vidrio reciclado\" \/>\n<meta property=\"og:description\" content=\"Este es el blog de Lucirm\u00e1s, donde podr\u00e1s encontrar consejos sobre upcycling, t\u00e9cnicas de artesan\u00eda en vidrio \u00a1y mucho m\u00e1s!\" \/>\n<meta property=\"og:url\" content=\"https:\/\/lucirmas.com\/en\/blog-de-lucirmas\/\" \/>\n<meta property=\"og:site_name\" content=\"Lucirmas - Upcycling Vidrio reciclado\" \/>\n<meta property=\"article:modified_time\" content=\"2024-07-19T07:41:21+00:00\" \/>\n<meta property=\"og:image\" content=\"https:\/\/lucirmas.com\/wp-content\/uploads\/2015\/07\/vin\u00e7on-ha-cerrado-barcelona.jpg\" \/>\n\t<meta property=\"og:image:width\" content=\"750\" \/>\n\t<meta property=\"og:image:height\" content=\"400\" \/>\n\t<meta property=\"og:image:type\" content=\"image\/jpeg\" \/>\n<meta name=\"twitter:label1\" content=\"Est. reading time\" \/>\n\t<meta name=\"twitter:data1\" content=\"1 minute\" \/>\n<script type=\"application\/ld+json\" class=\"yoast-schema-graph\">{\"@context\":\"https:\/\/schema.org\",\"@graph\":[{\"@type\":\"WebPage\",\"@id\":\"https:\/\/lucirmas.com\/en\/blog-de-lucirmas\/\",\"url\":\"https:\/\/lucirmas.com\/en\/blog-de-lucirmas\/\",\"name\":\"Blog - Lucirmas - Upcycling Vidrio reciclado\",\"isPartOf\":{\"@id\":\"https:\/\/lucirmas.com\/#website\"},\"primaryImageOfPage\":{\"@id\":\"https:\/\/lucirmas.com\/en\/blog-de-lucirmas\/#primaryimage\"},\"image\":{\"@id\":\"https:\/\/lucirmas.com\/en\/blog-de-lucirmas\/#primaryimage\"},\"thumbnailUrl\":\"https:\/\/lucirmas.com\/wp-content\/uploads\/2015\/07\/vin\u00e7on-ha-cerrado-barcelona.jpg\",\"datePublished\":\"2014-11-18T13:57:10+00:00\",\"dateModified\":\"2024-07-19T07:41:21+00:00\",\"description\":\"Este es el blog de Lucirm\u00e1s, donde podr\u00e1s encontrar consejos sobre upcycling, t\u00e9cnicas de artesan\u00eda en vidrio \u00a1y mucho m\u00e1s!\",\"breadcrumb\":{\"@id\":\"https:\/\/lucirmas.com\/en\/blog-de-lucirmas\/#breadcrumb\"},\"inLanguage\":\"en-US\",\"potentialAction\":[{\"@type\":\"ReadAction\",\"target\":[\"https:\/\/lucirmas.com\/en\/blog-de-lucirmas\/\"]}]},{\"@type\":\"ImageObject\",\"inLanguage\":\"en-US\",\"@id\":\"https:\/\/lucirmas.com\/en\/blog-de-lucirmas\/#primaryimage\",\"url\":\"https:\/\/lucirmas.com\/wp-content\/uploads\/2015\/07\/vin\u00e7on-ha-cerrado-barcelona.jpg\",\"contentUrl\":\"https:\/\/lucirmas.com\/wp-content\/uploads\/2015\/07\/vin\u00e7on-ha-cerrado-barcelona.jpg\",\"width\":750,\"height\":400},{\"@type\":\"BreadcrumbList\",\"@id\":\"https:\/\/lucirmas.com\/en\/blog-de-lucirmas\/#breadcrumb\",\"itemListElement\":[{\"@type\":\"ListItem\",\"position\":1,\"name\":\"Portada\",\"item\":\"https:\/\/lucirmas.com\/en\/\"},{\"@type\":\"ListItem\",\"position\":2,\"name\":\"Blog\"}]},{\"@type\":\"WebSite\",\"@id\":\"https:\/\/lucirmas.com\/#website\",\"url\":\"https:\/\/lucirmas.com\/\",\"name\":\"Lucirmas - Upcycling Vidrio reciclado\",\"description\":\"Artesan\u00eda con botellas de vidrio en Barcelona\",\"potentialAction\":[{\"@type\":\"SearchAction\",\"target\":{\"@type\":\"EntryPoint\",\"urlTemplate\":\"https:\/\/lucirmas.com\/?s={search_term_string}\"},\"query-input\":{\"@type\":\"PropertyValueSpecification\",\"valueRequired\":true,\"valueName\":\"search_term_string\"}}],\"inLanguage\":\"en-US\"}]}<\/script>\n<!-- \/ Yoast SEO plugin. -->","yoast_head_json":{"title":"Blog - Lucirmas - Upcycling Vidrio reciclado","description":"Este es el blog de Lucirm\u00e1s, donde podr\u00e1s encontrar consejos sobre upcycling, t\u00e9cnicas de artesan\u00eda en vidrio \u00a1y mucho m\u00e1s!","robots":{"index":"index","follow":"follow","max-snippet":"max-snippet:-1","max-image-preview":"max-image-preview:large","max-video-preview":"max-video-preview:-1"},"canonical":"https:\/\/lucirmas.com\/en\/blog-de-lucirmas\/","og_locale":"en_US","og_type":"article","og_title":"Blog - Lucirmas - Upcycling Vidrio reciclado","og_description":"Este es el blog de Lucirm\u00e1s, donde podr\u00e1s encontrar consejos sobre upcycling, t\u00e9cnicas de artesan\u00eda en vidrio \u00a1y mucho m\u00e1s!","og_url":"https:\/\/lucirmas.com\/en\/blog-de-lucirmas\/","og_site_name":"Lucirmas - Upcycling Vidrio reciclado","article_modified_time":"2024-07-19T07:41:21+00:00","og_image":[{"width":750,"height":400,"url":"https:\/\/lucirmas.com\/wp-content\/uploads\/2015\/07\/vin\u00e7on-ha-cerrado-barcelona.jpg","type":"image\/jpeg"}],"twitter_misc":{"Est. reading time":"1 minute"},"schema":{"@context":"https:\/\/schema.org","@graph":[{"@type":"WebPage","@id":"https:\/\/lucirmas.com\/en\/blog-de-lucirmas\/","url":"https:\/\/lucirmas.com\/en\/blog-de-lucirmas\/","name":"Blog - Lucirmas - Upcycling Vidrio reciclado","isPartOf":{"@id":"https:\/\/lucirmas.com\/#website"},"primaryImageOfPage":{"@id":"https:\/\/lucirmas.com\/en\/blog-de-lucirmas\/#primaryimage"},"image":{"@id":"https:\/\/lucirmas.com\/en\/blog-de-lucirmas\/#primaryimage"},"thumbnailUrl":"https:\/\/lucirmas.com\/wp-content\/uploads\/2015\/07\/vin\u00e7on-ha-cerrado-barcelona.jpg","datePublished":"2014-11-18T13:57:10+00:00","dateModified":"2024-07-19T07:41:21+00:00","description":"Este es el blog de Lucirm\u00e1s, donde podr\u00e1s encontrar consejos sobre upcycling, t\u00e9cnicas de artesan\u00eda en vidrio \u00a1y mucho m\u00e1s!","breadcrumb":{"@id":"https:\/\/lucirmas.com\/en\/blog-de-lucirmas\/#breadcrumb"},"inLanguage":"en-US","potentialAction":[{"@type":"ReadAction","target":["https:\/\/lucirmas.com\/en\/blog-de-lucirmas\/"]}]},{"@type":"ImageObject","inLanguage":"en-US","@id":"https:\/\/lucirmas.com\/en\/blog-de-lucirmas\/#primaryimage","url":"https:\/\/lucirmas.com\/wp-content\/uploads\/2015\/07\/vin\u00e7on-ha-cerrado-barcelona.jpg","contentUrl":"https:\/\/lucirmas.com\/wp-content\/uploads\/2015\/07\/vin\u00e7on-ha-cerrado-barcelona.jpg","width":750,"height":400},{"@type":"BreadcrumbList","@id":"https:\/\/lucirmas.com\/en\/blog-de-lucirmas\/#breadcrumb","itemListElement":[{"@type":"ListItem","position":1,"name":"Portada","item":"https:\/\/lucirmas.com\/en\/"},{"@type":"ListItem","position":2,"name":"Blog"}]},{"@type":"WebSite","@id":"https:\/\/lucirmas.com\/#website","url":"https:\/\/lucirmas.com\/","name":"Lucirmas - Upcycling Vidrio reciclado","description":"Artesan\u00eda con botellas de vidrio en Barcelona","potentialAction":[{"@type":"SearchAction","target":{"@type":"EntryPoint","urlTemplate":"https:\/\/lucirmas.com\/?s={search_term_string}"},"query-input":{"@type":"PropertyValueSpecification","valueRequired":true,"valueName":"search_term_string"}}],"inLanguage":"en-US"}]}},"_links":{"self":[{"href":"https:\/\/lucirmas.com\/en\/wp-json\/wp\/v2\/pages\/1049","targetHints":{"allow":["GET"]}}],"collection":[{"href":"https:\/\/lucirmas.com\/en\/wp-json\/wp\/v2\/pages"}],"about":[{"href":"https:\/\/lucirmas.com\/en\/wp-json\/wp\/v2\/types\/page"}],"author":[{"embeddable":true,"href":"https:\/\/lucirmas.com\/en\/wp-json\/wp\/v2\/users\/3"}],"replies":[{"embeddable":true,"href":"https:\/\/lucirmas.com\/en\/wp-json\/wp\/v2\/comments?post=1049"}],"version-history":[{"count":32,"href":"https:\/\/lucirmas.com\/en\/wp-json\/wp\/v2\/pages\/1049\/revisions"}],"predecessor-version":[{"id":5939,"href":"https:\/\/lucirmas.com\/en\/wp-json\/wp\/v2\/pages\/1049\/revisions\/5939"}],"wp:featuredmedia":[{"embeddable":true,"href":"https:\/\/lucirmas.com\/en\/wp-json\/wp\/v2\/media\/1736"}],"wp:attachment":[{"href":"https:\/\/lucirmas.com\/en\/wp-json\/wp\/v2\/media?parent=1049"}],"curies":[{"name":"wp","href":"https:\/\/api.w.org\/{rel}","templated":true}]}}